{"id":1176,"date":"2022-09-12T19:41:41","date_gmt":"2022-09-12T19:41:41","guid":{"rendered":"https:\/\/prodivelanzarote.com\/abrir\/"},"modified":"2023-07-03T13:15:39","modified_gmt":"2023-07-03T13:15:39","slug":"ssi-open-water","status":"publish","type":"page","link":"https:\/\/prodivelanzarote.com\/es\/ssi-open-water\/","title":{"rendered":"Aguas abiertas"},"content":{"rendered":"\t\t<div data-elementor-type=\"wp-page\" data-elementor-id=\"1176\" class=\"elementor elementor-1176 elementor-902\" data-elementor-post-type=\"page\">\n\t\t\t\t\t\t<section class=\"elementor-section elementor-top-section elementor-element elementor-element-11f03851 elementor-section-height-min-height elementor-section-boxed elementor-section-height-default elementor-section-items-middle\" data-id=\"11f03851\" data-element_type=\"section\" data-e-type=\"section\">\n\t\t\t\t\t\t<div class=\"elementor-container elementor-column-gap-default\">\n\t\t\t\t\t<div class=\"elementor-column elementor-col-100 elementor-top-column elementor-element elementor-element-70140a4\" data-id=\"70140a4\" data-element_type=\"column\" data-e-type=\"column\" data-settings=\"{&quot;background_background&quot;:&quot;classic&quot;}\">\n\t\t\t<div class=\"elementor-widget-wrap elementor-element-populated\">\n\t\t\t\t\t<div class=\"elementor-background-overlay\"><\/div>\n\t\t\t\t\t\t<div class=\"elementor-element elementor-element-6985ea37 elementor-invisible elementor-widget elementor-widget-elementskit-heading\" data-id=\"6985ea37\" data-element_type=\"widget\" data-e-type=\"widget\" data-settings=\"{&quot;_animation&quot;:&quot;fadeIn&quot;}\" data-widget_type=\"elementskit-heading.default\">\n\t\t\t\t<div class=\"elementor-widget-container\">\n\t\t\t\t\t<div class=\"ekit-wid-con\" ><div class=\"ekit-heading elementskit-section-title-wraper text_center   ekit_heading_tablet-   ekit_heading_mobile-text_center\"><h2 class=\"ekit-heading--title elementskit-section-title text_fill\">CURSO OPEN WATER DIVER SSI<\/h2><\/div><\/div>\t\t\t\t<\/div>\n\t\t\t\t<\/div>\n\t\t\t\t<div class=\"elementor-element elementor-element-af08c41 elementor-icon-list--layout-inline elementor-align-center elementor-list-item-link-full_width elementor-invisible elementor-widget elementor-widget-icon-list\" data-id=\"af08c41\" data-element_type=\"widget\" data-e-type=\"widget\" data-settings=\"{&quot;_animation&quot;:&quot;fadeIn&quot;,&quot;_animation_delay&quot;:200}\" data-widget_type=\"icon-list.default\">\n\t\t\t\t<div class=\"elementor-widget-container\">\n\t\t\t\t\t\t\t<ul class=\"elementor-icon-list-items elementor-inline-items\">\n\t\t\t\t\t\t\t<li class=\"elementor-icon-list-item elementor-inline-item\">\n\t\t\t\t\t\t\t\t\t\t\t<a href=\"https:\/\/prodivelanzarote.com\/es\/\">\n\n\t\t\t\t\t\t\t\t\t\t\t<span class=\"elementor-icon-list-text\">Inicio<\/span>\n\t\t\t\t\t\t\t\t\t\t\t<\/a>\n\t\t\t\t\t\t\t\t\t<\/li>\n\t\t\t\t\t\t\t\t<li class=\"elementor-icon-list-item elementor-inline-item\">\n\t\t\t\t\t\t\t\t\t\t\t<a href=\"https:\/\/prodivelanzarote.com\/es\/cursos\/\">\n\n\t\t\t\t\t\t\t\t\t\t\t\t<span class=\"elementor-icon-list-icon\">\n\t\t\t\t\t\t\t<i aria-hidden=\"true\" class=\"icon icon-right-arrow\"><\/i>\t\t\t\t\t\t<\/span>\n\t\t\t\t\t\t\t\t\t\t<span class=\"elementor-icon-list-text\">Cursos<\/span>\n\t\t\t\t\t\t\t\t\t\t\t<\/a>\n\t\t\t\t\t\t\t\t\t<\/li>\n\t\t\t\t\t\t\t\t<li class=\"elementor-icon-list-item elementor-inline-item\">\n\t\t\t\t\t\t\t\t\t\t\t<a href=\"https:\/\/prodivelanzarote.com\/es\/ssi-open-water\/\">\n\n\t\t\t\t\t\t\t\t\t\t\t\t<span class=\"elementor-icon-list-icon\">\n\t\t\t\t\t\t\t<i aria-hidden=\"true\" class=\"icon icon-right-arrow\"><\/i>\t\t\t\t\t\t<\/span>\n\t\t\t\t\t\t\t\t\t\t<span class=\"elementor-icon-list-text\">Buceador Open Water<\/span>\n\t\t\t\t\t\t\t\t\t\t\t<\/a>\n\t\t\t\t\t\t\t\t\t<\/li>\n\t\t\t\t\t\t<\/ul>\n\t\t\t\t\t\t<\/div>\n\t\t\t\t<\/div>\n\t\t\t\t\t<\/div>\n\t\t<\/div>\n\t\t\t\t\t<\/div>\n\t\t<\/section>\n\t\t\t\t<section class=\"elementor-section elementor-top-section elementor-element elementor-element-20778556 elementor-section-boxed elementor-section-height-default elementor-section-height-default\" data-id=\"20778556\" data-element_type=\"section\" data-e-type=\"section\">\n\t\t\t\t\t\t<div class=\"elementor-container elementor-column-gap-default\">\n\t\t\t\t\t<div class=\"elementor-column elementor-col-50 elementor-top-column elementor-element elementor-element-71497cec\" data-id=\"71497cec\" data-element_type=\"column\" data-e-type=\"column\">\n\t\t\t<div class=\"elementor-widget-wrap elementor-element-populated\">\n\t\t\t\t\t\t<div class=\"elementor-element elementor-element-3a657e04 elementor-invisible elementor-widget elementor-widget-image\" data-id=\"3a657e04\" data-element_type=\"widget\" data-e-type=\"widget\" data-settings=\"{&quot;_animation&quot;:&quot;fadeIn&quot;}\" data-widget_type=\"image.default\">\n\t\t\t\t<div class=\"elementor-widget-container\">\n\t\t\t\t\t\t\t\t\t\t\t\t\t\t\t<img fetchpriority=\"high\" decoding=\"async\" width=\"800\" height=\"192\" src=\"https:\/\/prodivelanzarote.com\/wp-content\/uploads\/2022\/09\/accent_Asset-5-1024x246-1-1.png\" class=\"attachment-large size-large wp-image-1108\" alt=\"dive\" srcset=\"https:\/\/prodivelanzarote.com\/wp-content\/uploads\/2022\/09\/accent_Asset-5-1024x246-1-1.png 1024w, https:\/\/prodivelanzarote.com\/wp-content\/uploads\/2022\/09\/accent_Asset-5-1024x246-1-1-300x72.png 300w, https:\/\/prodivelanzarote.com\/wp-content\/uploads\/2022\/09\/accent_Asset-5-1024x246-1-1-768x185.png 768w\" sizes=\"(max-width: 800px) 100vw, 800px\" \/>\t\t\t\t\t\t\t\t\t\t\t\t\t\t\t<\/div>\n\t\t\t\t<\/div>\n\t\t\t\t<div class=\"elementor-element elementor-element-6e615d8f elementor-invisible elementor-widget elementor-widget-elementskit-heading\" data-id=\"6e615d8f\" data-element_type=\"widget\" data-e-type=\"widget\" data-settings=\"{&quot;_animation&quot;:&quot;fadeIn&quot;,&quot;_animation_delay&quot;:200}\" data-widget_type=\"elementskit-heading.default\">\n\t\t\t\t<div class=\"elementor-widget-container\">\n\t\t\t\t\t<div class=\"ekit-wid-con\" ><div class=\"ekit-heading elementskit-section-title-wraper text_left   ekit_heading_tablet-   ekit_heading_mobile-text_left\"><h1 class=\"ekit-heading--title elementskit-section-title text_fill\">Curso de Buceo SSI en Lanzarote<\/h1><\/div><\/div>\t\t\t\t<\/div>\n\t\t\t\t<\/div>\n\t\t\t\t<div class=\"elementor-element elementor-element-6f32b52f elementor-widget elementor-widget-text-editor\" data-id=\"6f32b52f\" data-element_type=\"widget\" data-e-type=\"widget\" data-widget_type=\"text-editor.default\">\n\t\t\t\t<div class=\"elementor-widget-container\">\n\t\t\t\t\t\t\t\t\t<section class=\"\"><div class=\"row constrain-mode-1\"><div class=\"col desktop-col-start-9 desktop-col-end-13 mobile-col-start-1 mobile-col-end-13\"><p>Nuestro curso de buceo Open Water en Costa Teguise ofrece una formaci\u00f3n completa y orientaci\u00f3n para ayudarte a convertirte en un buceador experto y seguro. Damos prioridad a la seguridad y utilizamos equipos de \u00faltima generaci\u00f3n para garantizar una experiencia agradable para todos.<\/p><p>Este curso de buceo SSI en Lanzarote incluye conocimientos te\u00f3ricos y pr\u00e1cticos, desde t\u00e9cnicas b\u00e1sicas de buceo hasta procedimientos de seguridad avanzados. Ofrecemos grupos reducidos o privados para garantizar que recibas la mejor formaci\u00f3n y atenci\u00f3n posibles por parte de nuestros experimentados instructores.<\/p><p>Entendemos que tu tiempo es valioso, por lo que te ofrecemos la comodidad de completar la parte te\u00f3rica del curso en l\u00ednea a trav\u00e9s del sistema eLearning de SSI. Esto te permite aprender a tu propio ritmo y desde la comodidad de tu casa, para que cuando llegues a Lanzarote, puedas centrarte en las habilidades pr\u00e1cticas y las inmersiones en aguas abiertas.<\/p><p><strong>He aqu\u00ed un ejemplo de horario para nuestro curso de 4 d\u00edas: <\/strong><\/p><p><strong>D\u00eda 1: Sesi\u00f3n confinada e inmersi\u00f3n en aguas abiertas 1<\/strong><\/p><p><strong> D\u00eda 2: Sesi\u00f3n confinada e inmersi\u00f3n en aguas abiertas 2 <\/strong><\/p><p><strong>D\u00eda 3: Sesi\u00f3n confinada e inmersi\u00f3n en aguas abiertas 3 <\/strong><\/p><p><strong>D\u00eda 4: Inmersi\u00f3n en aguas abiertas 4, examen final y certificaci\u00f3n<\/strong><\/p><p>Nuestros experimentados instructores trabajar\u00e1n contigo para crear un plan de entrenamiento personalizado adaptado a tus necesidades y objetivos individuales. \u00danete a nosotros en Pro Dive Lanzarote y d\u00e9janos ayudarte a dar tus primeros pasos para convertirte en un buceador experto.<\/p><p>Nuestro curso SSI de buceo en Lanzarote Open Water Diver est\u00e1 reconocido a nivel mundial. Se trata del primer nivel de certificaci\u00f3n que permite a quienes obtienen el certificado bucear, de manera aut\u00f3noma, hasta una profundidad de 18 metros y poder disfrutar as\u00ed de las maravillas del mundo submarino.<\/p><p><br \/>La certificaci\u00f3n obtenida el completar con \u00e9xito nuestro curso SSI de buceo en Lanzarote Open Water Diver est\u00e1 reconocida internacionalmente, lo que permite a nuestros participantes bucear en cualquier parte del mundo.<\/p><\/div><\/div><\/section><section class=\"divessi-highlight-background\"><div class=\"row constrain-mode-1\"><div class=\"col desktop-col-start-1 desktop-col-end-13 mobile-col-start-1 mobile-col-end-13\">\u00a0<\/div><\/div><\/section>\t\t\t\t\t\t\t\t<\/div>\n\t\t\t\t<\/div>\n\t\t\t\t<div class=\"elementor-element elementor-element-2aded7d5 elementor-widget elementor-widget-image\" data-id=\"2aded7d5\" data-element_type=\"widget\" data-e-type=\"widget\" data-widget_type=\"image.default\">\n\t\t\t\t<div class=\"elementor-widget-container\">\n\t\t\t\t\t\t\t\t\t\t\t\t\t\t\t<img decoding=\"async\" width=\"800\" height=\"509\" src=\"https:\/\/prodivelanzarote.com\/wp-content\/uploads\/2022\/11\/Open-Water-Diver-1024x651.jpg\" class=\"attachment-large size-large wp-image-1445\" alt=\"Curso Open Water en Lanzarote\" srcset=\"https:\/\/prodivelanzarote.com\/wp-content\/uploads\/2022\/11\/Open-Water-Diver-1024x651.jpg 1024w, https:\/\/prodivelanzarote.com\/wp-content\/uploads\/2022\/11\/Open-Water-Diver-300x191.jpg 300w, https:\/\/prodivelanzarote.com\/wp-content\/uploads\/2022\/11\/Open-Water-Diver-768x488.jpg 768w, https:\/\/prodivelanzarote.com\/wp-content\/uploads\/2022\/11\/Open-Water-Diver-1536x976.jpg 1536w, https:\/\/prodivelanzarote.com\/wp-content\/uploads\/2022\/11\/Open-Water-Diver.jpg 1673w\" sizes=\"(max-width: 800px) 100vw, 800px\" \/>\t\t\t\t\t\t\t\t\t\t\t\t\t\t\t<\/div>\n\t\t\t\t<\/div>\n\t\t\t\t\t<\/div>\n\t\t<\/div>\n\t\t\t\t<div class=\"elementor-column elementor-col-50 elementor-top-column elementor-element elementor-element-54fec7ae\" data-id=\"54fec7ae\" data-element_type=\"column\" data-e-type=\"column\">\n\t\t\t<div class=\"elementor-widget-wrap elementor-element-populated\">\n\t\t\t\t\t\t<section class=\"elementor-section elementor-inner-section elementor-element elementor-element-2891fc66 elementor-section-boxed elementor-section-height-default elementor-section-height-default\" data-id=\"2891fc66\" data-element_type=\"section\" data-e-type=\"section\" data-settings=\"{&quot;background_background&quot;:&quot;classic&quot;}\">\n\t\t\t\t\t\t<div class=\"elementor-container elementor-column-gap-default\">\n\t\t\t\t\t<div class=\"elementor-column elementor-col-100 elementor-inner-column elementor-element elementor-element-652520ec\" data-id=\"652520ec\" data-element_type=\"column\" data-e-type=\"column\">\n\t\t\t<div class=\"elementor-widget-wrap elementor-element-populated\">\n\t\t\t\t\t\t<div class=\"elementor-element elementor-element-69c131e elementor-widget__width-auto elementor-widget elementor-widget-heading\" data-id=\"69c131e\" data-element_type=\"widget\" data-e-type=\"widget\" data-widget_type=\"heading.default\">\n\t\t\t\t<div class=\"elementor-widget-container\">\n\t\t\t\t\t<h2 class=\"elementor-heading-title elementor-size-default\">445\u20ac<\/h2>\t\t\t\t<\/div>\n\t\t\t\t<\/div>\n\t\t\t\t<div class=\"elementor-element elementor-element-b4be008 elementor-widget__width-auto elementor-widget elementor-widget-text-editor\" data-id=\"b4be008\" data-element_type=\"widget\" data-e-type=\"widget\" data-widget_type=\"text-editor.default\">\n\t\t\t\t<div class=\"elementor-widget-container\">\n\t\t\t\t\t\t\t\t\t<p>\/ curso<\/p>\n\t\t\t\t\t\t\t\t<\/div>\n\t\t\t\t<\/div>\n\t\t\t\t<div class=\"elementor-element elementor-element-76032314 elementor-widget elementor-widget-text-editor\" data-id=\"76032314\" data-element_type=\"widget\" data-e-type=\"widget\" data-widget_type=\"text-editor.default\">\n\t\t\t\t<div class=\"elementor-widget-container\">\n\t\t\t\t\t\t\t\t\t<p>Adquiera las habilidades y la experiencia necesarias para sentirse realmente c\u00f3modo bajo el agua.<\/p>\n\t\t\t\t\t\t\t\t<\/div>\n\t\t\t\t<\/div>\n\t\t\t\t\t<\/div>\n\t\t<\/div>\n\t\t\t\t\t<\/div>\n\t\t<\/section>\n\t\t\t\t<section class=\"elementor-section elementor-inner-section elementor-element elementor-element-ffe5ce6 elementor-section-boxed elementor-section-height-default elementor-section-height-default\" data-id=\"ffe5ce6\" data-element_type=\"section\" data-e-type=\"section\" data-settings=\"{&quot;background_background&quot;:&quot;classic&quot;}\">\n\t\t\t\t\t\t<div class=\"elementor-container elementor-column-gap-default\">\n\t\t\t\t\t<div class=\"elementor-column elementor-col-100 elementor-inner-column elementor-element elementor-element-4a1cef65\" data-id=\"4a1cef65\" data-element_type=\"column\" data-e-type=\"column\">\n\t\t\t<div class=\"elementor-widget-wrap elementor-element-populated\">\n\t\t\t\t\t\t<div class=\"elementor-element elementor-element-53c04bd5 elementor-widget elementor-widget-heading\" data-id=\"53c04bd5\" data-element_type=\"widget\" data-e-type=\"widget\" data-widget_type=\"heading.default\">\n\t\t\t\t<div class=\"elementor-widget-container\">\n\t\t\t\t\t<h4 class=\"elementor-heading-title elementor-size-default\">Requisitos<\/h4>\t\t\t\t<\/div>\n\t\t\t\t<\/div>\n\t\t\t\t<div class=\"elementor-element elementor-element-579a3b52 elementor-mobile-align-start elementor-icon-list--layout-traditional elementor-list-item-link-full_width elementor-widget elementor-widget-icon-list\" data-id=\"579a3b52\" data-element_type=\"widget\" data-e-type=\"widget\" data-widget_type=\"icon-list.default\">\n\t\t\t\t<div class=\"elementor-widget-container\">\n\t\t\t\t\t\t\t<ul class=\"elementor-icon-list-items\">\n\t\t\t\t\t\t\t<li class=\"elementor-icon-list-item\">\n\t\t\t\t\t\t\t\t\t\t\t<span class=\"elementor-icon-list-icon\">\n\t\t\t\t\t\t\t<i aria-hidden=\"true\" class=\"icon icon-tick\"><\/i>\t\t\t\t\t\t<\/span>\n\t\t\t\t\t\t\t\t\t\t<span class=\"elementor-icon-list-text\">10 a\u00f1os de edad<\/span>\n\t\t\t\t\t\t\t\t\t<\/li>\n\t\t\t\t\t\t\t\t<li class=\"elementor-icon-list-item\">\n\t\t\t\t\t\t\t\t\t\t\t<span class=\"elementor-icon-list-icon\">\n\t\t\t\t\t\t\t<i aria-hidden=\"true\" class=\"icon icon-tick\"><\/i>\t\t\t\t\t\t<\/span>\n\t\t\t\t\t\t\t\t\t\t<span class=\"elementor-icon-list-text\">Cuestionario m\u00e9dico<\/span>\n\t\t\t\t\t\t\t\t\t<\/li>\n\t\t\t\t\t\t<\/ul>\n\t\t\t\t\t\t<\/div>\n\t\t\t\t<\/div>\n\t\t\t\t\t<\/div>\n\t\t<\/div>\n\t\t\t\t\t<\/div>\n\t\t<\/section>\n\t\t\t\t<section class=\"elementor-section elementor-inner-section elementor-element elementor-element-009f883 elementor-section-boxed elementor-section-height-default elementor-section-height-default\" data-id=\"009f883\" data-element_type=\"section\" data-e-type=\"section\" data-settings=\"{&quot;background_background&quot;:&quot;classic&quot;}\">\n\t\t\t\t\t\t<div class=\"elementor-container elementor-column-gap-default\">\n\t\t\t\t\t<div class=\"elementor-column elementor-col-100 elementor-inner-column elementor-element elementor-element-fc56939\" data-id=\"fc56939\" data-element_type=\"column\" data-e-type=\"column\">\n\t\t\t<div class=\"elementor-widget-wrap elementor-element-populated\">\n\t\t\t\t\t\t<div class=\"elementor-element elementor-element-d491002 elementor-widget elementor-widget-html\" data-id=\"d491002\" data-element_type=\"widget\" data-e-type=\"widget\" data-widget_type=\"html.default\">\n\t\t\t\t<div class=\"elementor-widget-container\">\n\t\t\t\t\t<!-- FareHarbor calendar of item #421266 -->\n<script src=\"https:\/\/fareharbor.com\/embeds\/script\/calendar\/prodivelanzarote\/items\/421266\/?fallback=simple&amp;full-items=yes&amp;flow=852307\"><\/script>\t\t\t\t<\/div>\n\t\t\t\t<\/div>\n\t\t\t\t\t<\/div>\n\t\t<\/div>\n\t\t\t\t\t<\/div>\n\t\t<\/section>\n\t\t\t\t\t<\/div>\n\t\t<\/div>\n\t\t\t\t\t<\/div>\n\t\t<\/section>\n\t\t\t\t<\/div>\n\t\t","protected":false},"excerpt":{"rendered":"<p>CURSO OPEN WATER DIVER SSI Inicio Cursos Buceador Open Water Curso de Buceo SSI en Lanzarote Nuestro curso de buceo Open Water en Costa Teguise ofrece una formaci\u00f3n completa y orientaci\u00f3n para ayudarte a convertirte en un buceador experto y seguro. Damos prioridad a la seguridad y utilizamos equipos de \u00faltima generaci\u00f3n para garantizar una [&hellip;]<\/p>\n","protected":false},"author":1,"featured_media":0,"parent":0,"menu_order":0,"comment_status":"closed","ping_status":"closed","template":"elementor_header_footer","meta":{"footnotes":""},"class_list":["post-1176","page","type-page","status-publish","hentry"],"_links":{"self":[{"href":"https:\/\/prodivelanzarote.com\/es\/wp-json\/wp\/v2\/pages\/1176","targetHints":{"allow":["GET"]}}],"collection":[{"href":"https:\/\/prodivelanzarote.com\/es\/wp-json\/wp\/v2\/pages"}],"about":[{"href":"https:\/\/prodivelanzarote.com\/es\/wp-json\/wp\/v2\/types\/page"}],"author":[{"embeddable":true,"href":"https:\/\/prodivelanzarote.com\/es\/wp-json\/wp\/v2\/users\/1"}],"replies":[{"embeddable":true,"href":"https:\/\/prodivelanzarote.com\/es\/wp-json\/wp\/v2\/comments?post=1176"}],"version-history":[{"count":48,"href":"https:\/\/prodivelanzarote.com\/es\/wp-json\/wp\/v2\/pages\/1176\/revisions"}],"predecessor-version":[{"id":3405,"href":"https:\/\/prodivelanzarote.com\/es\/wp-json\/wp\/v2\/pages\/1176\/revisions\/3405"}],"wp:attachment":[{"href":"https:\/\/prodivelanzarote.com\/es\/wp-json\/wp\/v2\/media?parent=1176"}],"curies":[{"name":"wp","href":"https:\/\/api.w.org\/{rel}","templated":true}]}}