{"id":2979,"date":"2023-05-13T09:08:56","date_gmt":"2023-05-13T09:08:56","guid":{"rendered":"https:\/\/prodivelanzarote.com\/sobre-nosotros\/"},"modified":"2026-04-16T21:02:14","modified_gmt":"2026-04-16T21:02:14","slug":"sobre-nosotros","status":"publish","type":"page","link":"https:\/\/prodivelanzarote.com\/es\/sobre-nosotros\/","title":{"rendered":"Sobre nosotros"},"content":{"rendered":"\t\t<div data-elementor-type=\"wp-page\" data-elementor-id=\"2979\" class=\"elementor elementor-2979 elementor-2960\" data-elementor-post-type=\"page\">\n\t\t\t\t<div class=\"elementor-element elementor-element-3646630 e-con-full e-flex e-con e-parent\" data-id=\"3646630\" data-element_type=\"container\" data-e-type=\"container\" data-settings=\"{&quot;background_background&quot;:&quot;classic&quot;}\">\n\t\t\t\t<div class=\"elementor-element elementor-element-c09100d elementor-invisible elementor-widget elementor-widget-elementskit-heading\" data-id=\"c09100d\" data-element_type=\"widget\" data-e-type=\"widget\" data-settings=\"{&quot;_animation&quot;:&quot;fadeIn&quot;}\" data-widget_type=\"elementskit-heading.default\">\n\t\t\t\t<div class=\"elementor-widget-container\">\n\t\t\t\t\t<div class=\"ekit-wid-con\" ><div class=\"ekit-heading elementskit-section-title-wraper text_center   ekit_heading_tablet-   ekit_heading_mobile-text_center\"><h1 class=\"ekit-heading--title elementskit-section-title text_fill\">PRO DIVE LANZAROTE<\/h1><\/div><\/div>\t\t\t\t<\/div>\n\t\t\t\t<\/div>\n\t\t\t\t<div class=\"elementor-element elementor-element-291886f elementor-icon-list--layout-inline elementor-align-center elementor-list-item-link-full_width elementor-invisible elementor-widget elementor-widget-icon-list\" data-id=\"291886f\" data-element_type=\"widget\" data-e-type=\"widget\" data-settings=\"{&quot;_animation&quot;:&quot;fadeIn&quot;,&quot;_animation_delay&quot;:200}\" data-widget_type=\"icon-list.default\">\n\t\t\t\t<div class=\"elementor-widget-container\">\n\t\t\t\t\t\t\t<ul class=\"elementor-icon-list-items elementor-inline-items\">\n\t\t\t\t\t\t\t<li class=\"elementor-icon-list-item elementor-inline-item\">\n\t\t\t\t\t\t\t\t\t\t\t<a href=\"https:\/\/prodivelanzarote.com\/es\/\">\n\n\t\t\t\t\t\t\t\t\t\t\t<span class=\"elementor-icon-list-text\">Inicio<\/span>\n\t\t\t\t\t\t\t\t\t\t\t<\/a>\n\t\t\t\t\t\t\t\t\t<\/li>\n\t\t\t\t\t\t\t\t<li class=\"elementor-icon-list-item elementor-inline-item\">\n\t\t\t\t\t\t\t\t\t\t\t<span class=\"elementor-icon-list-icon\">\n\t\t\t\t\t\t\t<i aria-hidden=\"true\" class=\"icon icon-right-arrow\"><\/i>\t\t\t\t\t\t<\/span>\n\t\t\t\t\t\t\t\t\t\t<span class=\"elementor-icon-list-text\">Sobre nosotros<\/span>\n\t\t\t\t\t\t\t\t\t<\/li>\n\t\t\t\t\t\t<\/ul>\n\t\t\t\t\t\t<\/div>\n\t\t\t\t<\/div>\n\t\t\t\t<\/div>\n\t\t<div class=\"elementor-element elementor-element-f8a7d9e e-flex e-con-boxed e-con e-parent\" data-id=\"f8a7d9e\" data-element_type=\"container\" data-e-type=\"container\">\n\t\t\t\t\t<div class=\"e-con-inner\">\n\t\t<div class=\"elementor-element elementor-element-7744169 e-con-full e-flex e-con e-child\" data-id=\"7744169\" data-element_type=\"container\" data-e-type=\"container\">\n\t\t\t\t<div class=\"elementor-element elementor-element-32be44c elementor-invisible elementor-widget elementor-widget-image\" data-id=\"32be44c\" data-element_type=\"widget\" data-e-type=\"widget\" data-settings=\"{&quot;_animation&quot;:&quot;fadeIn&quot;}\" data-widget_type=\"image.default\">\n\t\t\t\t<div class=\"elementor-widget-container\">\n\t\t\t\t\t\t\t\t\t\t\t\t\t\t\t<img fetchpriority=\"high\" decoding=\"async\" width=\"800\" height=\"192\" src=\"https:\/\/prodivelanzarote.com\/wp-content\/uploads\/2022\/09\/accent_Asset-5-1024x246-1-1.png\" class=\"attachment-large size-large wp-image-1108\" alt=\"dive\" srcset=\"https:\/\/prodivelanzarote.com\/wp-content\/uploads\/2022\/09\/accent_Asset-5-1024x246-1-1.png 1024w, https:\/\/prodivelanzarote.com\/wp-content\/uploads\/2022\/09\/accent_Asset-5-1024x246-1-1-300x72.png 300w, https:\/\/prodivelanzarote.com\/wp-content\/uploads\/2022\/09\/accent_Asset-5-1024x246-1-1-768x185.png 768w\" sizes=\"(max-width: 800px) 100vw, 800px\" \/>\t\t\t\t\t\t\t\t\t\t\t\t\t\t\t<\/div>\n\t\t\t\t<\/div>\n\t\t\t\t<div class=\"elementor-element elementor-element-73f3e4c elementor-invisible elementor-widget elementor-widget-elementskit-heading\" data-id=\"73f3e4c\" data-element_type=\"widget\" data-e-type=\"widget\" data-settings=\"{&quot;_animation&quot;:&quot;fadeIn&quot;,&quot;_animation_delay&quot;:200}\" data-widget_type=\"elementskit-heading.default\">\n\t\t\t\t<div class=\"elementor-widget-container\">\n\t\t\t\t\t<div class=\"ekit-wid-con\" ><div class=\"ekit-heading elementskit-section-title-wraper text_left   ekit_heading_tablet-   ekit_heading_mobile-text_left\"><h2 class=\"ekit-heading--title elementskit-section-title text_fill\">SOBRE NOSOTROS  <\/h2><\/div><\/div>\t\t\t\t<\/div>\n\t\t\t\t<\/div>\n\t\t\t\t<div class=\"elementor-element elementor-element-6a56332 elementor-widget elementor-widget-text-editor\" data-id=\"6a56332\" data-element_type=\"widget\" data-e-type=\"widget\" data-widget_type=\"text-editor.default\">\n\t\t\t\t<div class=\"elementor-widget-container\">\n\t\t\t\t\t\t\t\t\t<p>Bienvenidos a Pro Dive Lanzarote, donde ofrecemos experiencias de buceo personalizadas que se adaptan a todos los niveles de buceadores. Como centro de buceo con a\u00f1os de experiencia buceando en Lanzarote, nos enorgullecemos de tener grupos peque\u00f1os, con un m\u00e1ximo de 4 personas, y de brindar instrucci\u00f3n personalizada.<\/p><p>En Pro Dive Lanzarote, entendemos que cada buceador tiene su propio nivel de habilidad y objetivos de buceo \u00fanicos. Es por eso que ofrecemos experiencias de buceo personalizadas que se adaptan a tus necesidades individuales. Nuestros instructores expertos trabajar\u00e1n contigo para crear un plan de buceo personalizado que te ayudar\u00e1 a alcanzar tus objetivos y llevar tus habilidades de buceo al siguiente nivel.<\/p><p>Utilizamos solo equipo nuevo y de \u00faltima generaci\u00f3n para garantizar tu comodidad y seguridad durante tu inmersi\u00f3n. Nuestro equipo de instructores experimentados est\u00e1 dedicado a brindarte la mejor formaci\u00f3n posible, para que te sientas seguro y preparado al explorar el mundo submarino de Lanzarote.<\/p><p>En Pro Dive Lanzarote, creemos en pr\u00e1cticas responsables de buceo y estamos comprometidos a proteger el medio marino. Nos esforzamos por minimizar nuestro impacto en el ecosistema y promover pr\u00e1cticas de buceo sostenibles.<\/p><p>Ya seas un buceador principiante o experimentado, tenemos un paquete de buceo que es adecuado para ti. Nuestros paquetes incluyen instrucci\u00f3n personalizada, transporte desde y hacia el lugar de inmersi\u00f3n y todo el equipo necesario para garantizar tu seguridad y comodidad.<\/p>\t\t\t\t\t\t\t\t<\/div>\n\t\t\t\t<\/div>\n\t\t\t\t<\/div>\n\t\t<div class=\"elementor-element elementor-element-446900a e-con-full e-flex e-con e-child\" data-id=\"446900a\" data-element_type=\"container\" data-e-type=\"container\">\n\t\t\t\t<div class=\"elementor-element elementor-element-082040f elementor-pagination-position-inside elementor-widget elementor-widget-image-carousel\" data-id=\"082040f\" data-element_type=\"widget\" data-e-type=\"widget\" data-settings=\"{&quot;slides_to_show&quot;:&quot;1&quot;,&quot;navigation&quot;:&quot;dots&quot;,&quot;lazyload&quot;:&quot;yes&quot;,&quot;autoplay&quot;:&quot;yes&quot;,&quot;pause_on_hover&quot;:&quot;yes&quot;,&quot;pause_on_interaction&quot;:&quot;yes&quot;,&quot;autoplay_speed&quot;:5000,&quot;infinite&quot;:&quot;yes&quot;,&quot;effect&quot;:&quot;slide&quot;,&quot;speed&quot;:500}\" data-widget_type=\"image-carousel.default\">\n\t\t\t\t<div class=\"elementor-widget-container\">\n\t\t\t\t\t\t\t<div class=\"elementor-image-carousel-wrapper swiper\" role=\"region\" aria-roledescription=\"carousel\" aria-label=\"Carrusel de im\u00e1genes\" dir=\"ltr\">\n\t\t\t<div class=\"elementor-image-carousel swiper-wrapper\" aria-live=\"off\">\n\t\t\t\t\t\t\t\t<div class=\"swiper-slide\" role=\"group\" aria-roledescription=\"slide\" aria-label=\"1 de 3\"><figure class=\"swiper-slide-inner\"><img class=\"swiper-slide-image swiper-lazy\" data-src=\"https:\/\/prodivelanzarote.com\/wp-content\/uploads\/2023\/05\/pro-dive-lanzarote-3.webp\" alt=\"Centro de Buceo Pro Dive Lanzarote\" \/><div class=\"swiper-lazy-preloader\"><\/div><\/figure><\/div><div class=\"swiper-slide\" role=\"group\" aria-roledescription=\"slide\" aria-label=\"2 de 3\"><figure class=\"swiper-slide-inner\"><img class=\"swiper-slide-image swiper-lazy\" data-src=\"https:\/\/prodivelanzarote.com\/wp-content\/uploads\/2023\/05\/pro-dive-lanzarote-1.webp\" alt=\"Centro de Buceo Pro Dive Lanzarote\" \/><div class=\"swiper-lazy-preloader\"><\/div><\/figure><\/div><div class=\"swiper-slide\" role=\"group\" aria-roledescription=\"slide\" aria-label=\"3 de 3\"><figure class=\"swiper-slide-inner\"><img class=\"swiper-slide-image swiper-lazy\" data-src=\"https:\/\/prodivelanzarote.com\/wp-content\/uploads\/2023\/05\/pro-dive-lanzarote.webp\" alt=\"Centro de Buceo Pro Dive Lanzarote\" \/><div class=\"swiper-lazy-preloader\"><\/div><\/figure><\/div>\t\t\t<\/div>\n\t\t\t\t\t\t\t\n\t\t\t\t\t\t\t\t\t<div class=\"swiper-pagination\"><\/div>\n\t\t\t\t\t\t\t\t\t<\/div>\n\t\t\t\t\t\t<\/div>\n\t\t\t\t<\/div>\n\t\t\t\t<\/div>\n\t\t\t\t\t<\/div>\n\t\t\t\t<\/div>\n\t\t<div class=\"elementor-element elementor-element-d4a62ba e-flex e-con-boxed e-con e-parent\" data-id=\"d4a62ba\" data-element_type=\"container\" data-e-type=\"container\">\n\t\t\t\t\t<div class=\"e-con-inner\">\n\t\t<div class=\"elementor-element elementor-element-b9641a5 e-con-full e-flex e-con e-child\" data-id=\"b9641a5\" data-element_type=\"container\" data-e-type=\"container\">\n\t\t\t\t<div class=\"elementor-element elementor-element-7b1cefd elementor-invisible elementor-widget elementor-widget-image\" data-id=\"7b1cefd\" data-element_type=\"widget\" data-e-type=\"widget\" data-settings=\"{&quot;_animation&quot;:&quot;fadeIn&quot;}\" data-widget_type=\"image.default\">\n\t\t\t\t<div class=\"elementor-widget-container\">\n\t\t\t\t\t\t\t\t\t\t\t\t\t\t\t<img fetchpriority=\"high\" decoding=\"async\" width=\"800\" height=\"192\" src=\"https:\/\/prodivelanzarote.com\/wp-content\/uploads\/2022\/09\/accent_Asset-5-1024x246-1-1.png\" class=\"attachment-large size-large wp-image-1108\" alt=\"dive\" srcset=\"https:\/\/prodivelanzarote.com\/wp-content\/uploads\/2022\/09\/accent_Asset-5-1024x246-1-1.png 1024w, https:\/\/prodivelanzarote.com\/wp-content\/uploads\/2022\/09\/accent_Asset-5-1024x246-1-1-300x72.png 300w, https:\/\/prodivelanzarote.com\/wp-content\/uploads\/2022\/09\/accent_Asset-5-1024x246-1-1-768x185.png 768w\" sizes=\"(max-width: 800px) 100vw, 800px\" \/>\t\t\t\t\t\t\t\t\t\t\t\t\t\t\t<\/div>\n\t\t\t\t<\/div>\n\t\t\t\t<div class=\"elementor-element elementor-element-63816fd elementor-invisible elementor-widget elementor-widget-elementskit-heading\" data-id=\"63816fd\" data-element_type=\"widget\" data-e-type=\"widget\" data-settings=\"{&quot;_animation&quot;:&quot;fadeIn&quot;,&quot;_animation_delay&quot;:200}\" data-widget_type=\"elementskit-heading.default\">\n\t\t\t\t<div class=\"elementor-widget-container\">\n\t\t\t\t\t<div class=\"ekit-wid-con\" ><div class=\"ekit-heading elementskit-section-title-wraper text_left   ekit_heading_tablet-   ekit_heading_mobile-text_left\"><h3 class=\"ekit-heading--title elementskit-section-title text_fill\">SALVATORE<\/h3><\/div><\/div>\t\t\t\t<\/div>\n\t\t\t\t<\/div>\n\t\t\t\t<div class=\"elementor-element elementor-element-ab8538f elementor-widget__width-initial elementor-widget elementor-widget-text-editor\" data-id=\"ab8538f\" data-element_type=\"widget\" data-e-type=\"widget\" data-widget_type=\"text-editor.default\">\n\t\t\t\t<div class=\"elementor-widget-container\">\n\t\t\t\t\t\t\t\t\t<p>Hola, mi nombre es Salvatore, y soy el propietario y gerente de Pro Dive Lanzarote. Soy un apasionado instructor de buceo PADI y SSI con a\u00f1os de experiencia buceando en Lanzarote. A lo largo de mi carrera, he ense\u00f1ado a cientos de alumnos y guiado miles de inmersiones en esta isla, y me enorgullece ayudar a mis alumnos a convertirse en los mejores buceadores posibles.<\/p><p>Como instructor paciente y experimentado, entiendo que cada buceador tiene sus propias necesidades y nivel de habilidad. Me dedico a proporcionar una instrucci\u00f3n personalizada que se adapte a cada individuo, asegurando que mis estudiantes se sientan confiados y seguros mientras exploran el mundo submarino.<\/p>\t\t\t\t\t\t\t\t<\/div>\n\t\t\t\t<\/div>\n\t\t\t\t<\/div>\n\t\t<div class=\"elementor-element elementor-element-4245d37 e-con-full e-flex e-con e-child\" data-id=\"4245d37\" data-element_type=\"container\" data-e-type=\"container\">\n\t\t\t\t<div class=\"elementor-element elementor-element-1ebd38e elementor-widget elementor-widget-image\" data-id=\"1ebd38e\" data-element_type=\"widget\" data-e-type=\"widget\" data-widget_type=\"image.default\">\n\t\t\t\t<div class=\"elementor-widget-container\">\n\t\t\t\t\t\t\t\t\t\t\t\t\t\t\t<img decoding=\"async\" width=\"800\" height=\"800\" src=\"https:\/\/prodivelanzarote.com\/wp-content\/uploads\/2023\/05\/pro-dive-lanzarote-2.webp\" class=\"attachment-large size-large wp-image-2970\" alt=\"Centro de Buceo Pro Dive Lanzarote\" srcset=\"https:\/\/prodivelanzarote.com\/wp-content\/uploads\/2023\/05\/pro-dive-lanzarote-2.webp 800w, https:\/\/prodivelanzarote.com\/wp-content\/uploads\/2023\/05\/pro-dive-lanzarote-2-300x300.webp 300w, https:\/\/prodivelanzarote.com\/wp-content\/uploads\/2023\/05\/pro-dive-lanzarote-2-150x150.webp 150w, https:\/\/prodivelanzarote.com\/wp-content\/uploads\/2023\/05\/pro-dive-lanzarote-2-768x768.webp 768w\" sizes=\"(max-width: 800px) 100vw, 800px\" \/>\t\t\t\t\t\t\t\t\t\t\t\t\t\t\t<\/div>\n\t\t\t\t<\/div>\n\t\t\t\t<\/div>\n\t\t\t\t\t<\/div>\n\t\t\t\t<\/div>\n\t\t<div class=\"elementor-element elementor-element-cc38cee e-flex e-con-boxed e-con e-parent\" data-id=\"cc38cee\" data-element_type=\"container\" data-e-type=\"container\">\n\t\t\t\t\t<div class=\"e-con-inner\">\n\t\t<div class=\"elementor-element elementor-element-276b24d e-con-full e-flex e-con e-child\" data-id=\"276b24d\" data-element_type=\"container\" data-e-type=\"container\">\n\t\t\t\t<div class=\"elementor-element elementor-element-7e5e575 elementor-invisible elementor-widget elementor-widget-image\" data-id=\"7e5e575\" data-element_type=\"widget\" data-e-type=\"widget\" data-settings=\"{&quot;_animation&quot;:&quot;fadeIn&quot;}\" data-widget_type=\"image.default\">\n\t\t\t\t<div class=\"elementor-widget-container\">\n\t\t\t\t\t\t\t\t\t\t\t\t\t\t\t<img fetchpriority=\"high\" decoding=\"async\" width=\"800\" height=\"192\" src=\"https:\/\/prodivelanzarote.com\/wp-content\/uploads\/2022\/09\/accent_Asset-5-1024x246-1-1.png\" class=\"attachment-large size-large wp-image-1108\" alt=\"dive\" srcset=\"https:\/\/prodivelanzarote.com\/wp-content\/uploads\/2022\/09\/accent_Asset-5-1024x246-1-1.png 1024w, https:\/\/prodivelanzarote.com\/wp-content\/uploads\/2022\/09\/accent_Asset-5-1024x246-1-1-300x72.png 300w, https:\/\/prodivelanzarote.com\/wp-content\/uploads\/2022\/09\/accent_Asset-5-1024x246-1-1-768x185.png 768w\" sizes=\"(max-width: 800px) 100vw, 800px\" \/>\t\t\t\t\t\t\t\t\t\t\t\t\t\t\t<\/div>\n\t\t\t\t<\/div>\n\t\t\t\t<div class=\"elementor-element elementor-element-c3d6112 elementor-invisible elementor-widget elementor-widget-elementskit-heading\" data-id=\"c3d6112\" data-element_type=\"widget\" data-e-type=\"widget\" data-settings=\"{&quot;_animation&quot;:&quot;fadeIn&quot;,&quot;_animation_delay&quot;:200}\" data-widget_type=\"elementskit-heading.default\">\n\t\t\t\t<div class=\"elementor-widget-container\">\n\t\t\t\t\t<div class=\"ekit-wid-con\" ><div class=\"ekit-heading elementskit-section-title-wraper text_left   ekit_heading_tablet-   ekit_heading_mobile-text_left\"><h3 class=\"ekit-heading--title elementskit-section-title text_fill\">TUTI<\/h3><\/div><\/div>\t\t\t\t<\/div>\n\t\t\t\t<\/div>\n\t\t\t\t<div class=\"elementor-element elementor-element-85c4507 elementor-widget__width-initial elementor-widget elementor-widget-text-editor\" data-id=\"85c4507\" data-element_type=\"widget\" data-e-type=\"widget\" data-widget_type=\"text-editor.default\">\n\t\t\t\t<div class=\"elementor-widget-container\">\n\t\t\t\t\t\t\t\t\t<p>Hola, soy Tuti, instructora de buceo y responsable de coordinaci\u00f3n y gesti\u00f3n en Pro Dive Lanzarote.<br>Paso gran parte de mi tiempo en el agua, guiando inmersiones y formando buceadores, pero tambi\u00e9n organizando cada detalle en la superficie para asegurarme de que todo transcurre con normalidad, de forma cercana, segura y personalizada.<\/p><p>Creo firmemente en un enfoque tranquilo y de grupos reducidos del buceo, en el que la confianza, la seguridad y el disfrute vayan siempre de la mano. Tanto si es tu primera experiencia como si ya eres un buceador certificado, mi objetivo es que te sientas apoyado en todo momento y que cada inmersi\u00f3n se convierta en un recuerdo especial.<\/p>\t\t\t\t\t\t\t\t<\/div>\n\t\t\t\t<\/div>\n\t\t\t\t<\/div>\n\t\t<div class=\"elementor-element elementor-element-d354e7e e-con-full e-flex e-con e-child\" data-id=\"d354e7e\" data-element_type=\"container\" data-e-type=\"container\">\n\t\t\t\t<div class=\"elementor-element elementor-element-b929bf8 elementor-widget elementor-widget-image\" data-id=\"b929bf8\" data-element_type=\"widget\" data-e-type=\"widget\" data-widget_type=\"image.default\">\n\t\t\t\t<div class=\"elementor-widget-container\">\n\t\t\t\t\t\t\t\t\t\t\t\t\t\t\t<img decoding=\"async\" width=\"686\" height=\"666\" src=\"https:\/\/prodivelanzarote.com\/wp-content\/uploads\/2026\/04\/Tuti-dive-instructor-pro-dive-lanzarote-guiding-divers-costa-teguise-.webp\" class=\"attachment-large size-large wp-image-3624\" alt=\"Tuti-dive-instructor-pro-dive-lanzarote-guiding-divers-costa-teguise\" srcset=\"https:\/\/prodivelanzarote.com\/wp-content\/uploads\/2026\/04\/Tuti-dive-instructor-pro-dive-lanzarote-guiding-divers-costa-teguise-.webp 686w, https:\/\/prodivelanzarote.com\/wp-content\/uploads\/2026\/04\/Tuti-dive-instructor-pro-dive-lanzarote-guiding-divers-costa-teguise--300x291.webp 300w\" sizes=\"(max-width: 686px) 100vw, 686px\" \/>\t\t\t\t\t\t\t\t\t\t\t\t\t\t\t<\/div>\n\t\t\t\t<\/div>\n\t\t\t\t<\/div>\n\t\t\t\t\t<\/div>\n\t\t\t\t<\/div>\n\t\t\t\t<\/div>\n\t\t","protected":false},"excerpt":{"rendered":"<p>PRO DIVE LANZAROTE Inicio Sobre nosotros SOBRE NOSOTROS Bienvenidos a Pro Dive Lanzarote, donde ofrecemos experiencias de buceo personalizadas que se adaptan a todos los niveles de buceadores. Como centro de buceo con a\u00f1os de experiencia buceando en Lanzarote, nos enorgullecemos de tener grupos peque\u00f1os, con un m\u00e1ximo de 4 personas, y de brindar instrucci\u00f3n [&hellip;]<\/p>\n","protected":false},"author":5,"featured_media":2970,"parent":0,"menu_order":0,"comment_status":"closed","ping_status":"closed","template":"elementor_header_footer","meta":{"footnotes":""},"class_list":["post-2979","page","type-page","status-publish","has-post-thumbnail","hentry"],"_links":{"self":[{"href":"https:\/\/prodivelanzarote.com\/es\/wp-json\/wp\/v2\/pages\/2979","targetHints":{"allow":["GET"]}}],"collection":[{"href":"https:\/\/prodivelanzarote.com\/es\/wp-json\/wp\/v2\/pages"}],"about":[{"href":"https:\/\/prodivelanzarote.com\/es\/wp-json\/wp\/v2\/types\/page"}],"author":[{"embeddable":true,"href":"https:\/\/prodivelanzarote.com\/es\/wp-json\/wp\/v2\/users\/5"}],"replies":[{"embeddable":true,"href":"https:\/\/prodivelanzarote.com\/es\/wp-json\/wp\/v2\/comments?post=2979"}],"version-history":[{"count":10,"href":"https:\/\/prodivelanzarote.com\/es\/wp-json\/wp\/v2\/pages\/2979\/revisions"}],"predecessor-version":[{"id":3638,"href":"https:\/\/prodivelanzarote.com\/es\/wp-json\/wp\/v2\/pages\/2979\/revisions\/3638"}],"wp:featuredmedia":[{"embeddable":true,"href":"https:\/\/prodivelanzarote.com\/es\/wp-json\/wp\/v2\/media\/2970"}],"wp:attachment":[{"href":"https:\/\/prodivelanzarote.com\/es\/wp-json\/wp\/v2\/media?parent=2979"}],"curies":[{"name":"wp","href":"https:\/\/api.w.org\/{rel}","templated":true}]}}