{"id":3740,"date":"2026-05-03T21:16:05","date_gmt":"2026-05-03T21:16:05","guid":{"rendered":"https:\/\/prodivelanzarote.com\/politica-de-cookies\/"},"modified":"2026-05-03T21:17:11","modified_gmt":"2026-05-03T21:17:11","slug":"politica-de-cookies","status":"publish","type":"page","link":"https:\/\/prodivelanzarote.com\/es\/politica-de-cookies\/","title":{"rendered":"Pol\u00edtica de cookies"},"content":{"rendered":"\t\t<div data-elementor-type=\"wp-page\" data-elementor-id=\"3740\" class=\"elementor elementor-3740 elementor-3736\" data-elementor-post-type=\"page\">\n\t\t\t\t<div class=\"elementor-element elementor-element-0ba5979 e-flex e-con-boxed e-con e-parent\" data-id=\"0ba5979\" data-element_type=\"container\" data-e-type=\"container\">\n\t\t\t\t\t<div class=\"e-con-inner\">\n\t\t\t\t<div class=\"elementor-element elementor-element-7d89818 elementor-widget elementor-widget-text-editor\" data-id=\"7d89818\" data-element_type=\"widget\" data-e-type=\"widget\" data-widget_type=\"text-editor.default\">\n\t\t\t\t<div class=\"elementor-widget-container\">\n\t\t\t\t\t\t\t\t\t<header class=\"text-center\">\n<h2 class=\"m-auto\">POL\u00cdTICA DE COOKIES<\/h2>\n<h4>prodivelanzarote.com<\/h4>\n<\/header>\n<div>\n\nEl acceso a este Sitio Web puede implicar el uso de cookies. Las cookies son peque\u00f1os archivos que se almacenan en el navegador del Usuario para recordar cierta informaci\u00f3n, facilitar la navegaci\u00f3n, mejorar la experiencia del usuario y, en algunos casos, analizar el funcionamiento del Sitio Web.\n\nLas cookies no da\u00f1an el dispositivo del Usuario ni permiten, por s\u00ed mismas, la identificaci\u00f3n de datos personales como el n\u00famero de tel\u00e9fono, la direcci\u00f3n postal o informaci\u00f3n privada del dispositivo.\n\nLas cookies que permiten la identificaci\u00f3n de una persona se consideran datos personales y, por lo tanto, est\u00e1n sujetas a las disposiciones de la Pol\u00edtica de Privacidad de este Sitio Web.\n\n<h4>Cookies de origen<\/h4>\nSon cookies enviadas al dispositivo del Usuario y gestionadas directamente por <strong>Pro Dive<\/strong> Lanzarote para permitir el correcto funcionamiento del Sitio Web, recordar ciertas preferencias y mejorar la experiencia de navegaci\u00f3n.\n\n<h4>Cookies de terceros<\/h4>\nSon cookies utilizadas por entidades externas que proporcionan servicios a <strong>Pro Dive<\/strong> Lanzarote, como herramientas de an\u00e1lisis, servicios de medici\u00f3n, seguridad, pasarelas de pago o servicios integrados en el Sitio Web.\n\nEstas cookies pueden utilizarse para comprender c\u00f3mo interact\u00faan los usuarios con el Sitio Web, detectar errores, mejorar el contenido y medir el rendimiento del sitio.\n\nEntre los servicios que pueden utilizar cookies de terceros se incluyen:\n<ul>\n \t<li>Google Analytics: https:\/\/developers.google.com\/analytics\/<\/li>\n \t<li>Raya: https:\/\/stripe.com\/es\/privacy<\/li>\n<\/ul>\n\n<h4>Cookies de redes sociales<\/h4>\nPro Dive Lanzarote puede incluir enlaces o integraciones con plataformas de medios sociales. Estas plataformas pueden instalar sus propias cookies si el Usuario interact\u00faa con dichos elementos.\n<ul>\n \t<li>Facebook: <a class=\"text-info\" href=\"https:\/\/www.facebook.com\/policies\/cookies\/\" rel=\"nofollow noopener\" target=\"_blank\">https:\/\/www.facebook.com\/policies\/cookies\/<\/a><\/li>\n \t<li>Instagram: <a class=\"text-info\" href=\"https:\/\/help.instagram.com\/1896641480634370\" rel=\"nofollow noopener\" target=\"_blank\">https:\/\/help.instagram.com\/1896641480634370<\/a><\/li>\n \t<li>YouTube: <a class=\"text-info\" href=\"https:\/\/policies.google.com\/privacy\" rel=\"nofollow noopener\" target=\"_blank\">https:\/\/policies.google.com\/privacy<\/a><\/li>\n \t<li>LinkedIn: <a class=\"text-info\" href=\"https:\/\/www.linkedin.com\/legal\/cookie-policy\" rel=\"nofollow noopener\" target=\"_blank\">https:\/\/www.linkedin.com\/legal\/cookie-policy<\/a><\/li>\n<\/ul>\n\n<h4>Deshabilitar, rechazar y eliminar cookies<\/h4>\nEl Usuario puede aceptar, rechazar o configurar el uso de cookies a trav\u00e9s del banner de cookies del Sitio Web, as\u00ed como eliminar o bloquear las cookies a trav\u00e9s de la configuraci\u00f3n de su navegador.\n\nLos procedimientos pueden variar en funci\u00f3n del navegador utilizado: Chrome, Firefox, Safari, Edge u otros. Si el Usuario rechaza determinadas cookies, podr\u00e1 seguir utilizando el Sitio Web, aunque algunas funcionalidades pueden verse limitadas.\n\n<h4>Consentimiento<\/h4>\nLa instalaci\u00f3n de cookies no esenciales requiere el consentimiento previo del Usuario. Este consentimiento podr\u00e1 ser retirado en cualquier momento a trav\u00e9s de la configuraci\u00f3n habilitada en el Sitio Web o desde el propio navegador.\n\n<\/div>\t\t\t\t\t\t\t\t<\/div>\n\t\t\t\t<\/div>\n\t\t\t\t\t<\/div>\n\t\t\t\t<\/div>\n\t\t\t\t<\/div>\n\t\t","protected":false},"excerpt":{"rendered":"<p>POL\u00cdTICA DE COOKIES prodivelanzarote.com El acceso a este Sitio Web puede implicar el uso de cookies. Las cookies son peque\u00f1os archivos que se almacenan en el navegador del Usuario para recordar cierta informaci\u00f3n, facilitar la navegaci\u00f3n, mejorar la experiencia del usuario y, en algunos casos, analizar el funcionamiento del Sitio Web. Las cookies no da\u00f1an [&hellip;]<\/p>\n","protected":false},"author":6,"featured_media":0,"parent":0,"menu_order":0,"comment_status":"closed","ping_status":"closed","template":"elementor_header_footer","meta":{"footnotes":""},"class_list":["post-3740","page","type-page","status-publish","hentry"],"_links":{"self":[{"href":"https:\/\/prodivelanzarote.com\/es\/wp-json\/wp\/v2\/pages\/3740","targetHints":{"allow":["GET"]}}],"collection":[{"href":"https:\/\/prodivelanzarote.com\/es\/wp-json\/wp\/v2\/pages"}],"about":[{"href":"https:\/\/prodivelanzarote.com\/es\/wp-json\/wp\/v2\/types\/page"}],"author":[{"embeddable":true,"href":"https:\/\/prodivelanzarote.com\/es\/wp-json\/wp\/v2\/users\/6"}],"replies":[{"embeddable":true,"href":"https:\/\/prodivelanzarote.com\/es\/wp-json\/wp\/v2\/comments?post=3740"}],"version-history":[{"count":4,"href":"https:\/\/prodivelanzarote.com\/es\/wp-json\/wp\/v2\/pages\/3740\/revisions"}],"predecessor-version":[{"id":3748,"href":"https:\/\/prodivelanzarote.com\/es\/wp-json\/wp\/v2\/pages\/3740\/revisions\/3748"}],"wp:attachment":[{"href":"https:\/\/prodivelanzarote.com\/es\/wp-json\/wp\/v2\/media?parent=3740"}],"curies":[{"name":"wp","href":"https:\/\/api.w.org\/{rel}","templated":true}]}}