{"id":263,"date":"2022-09-19T19:18:08","date_gmt":"2022-09-19T19:18:08","guid":{"rendered":"https:\/\/prodivelanzarote.com\/?page_id=263"},"modified":"2023-03-06T09:24:47","modified_gmt":"2023-03-06T09:24:47","slug":"discover-scuba-diving","status":"publish","type":"page","link":"https:\/\/prodivelanzarote.com\/it\/discover-scuba-diving\/","title":{"rendered":"Discover Scuba Diving"},"content":{"rendered":"\t\t<div data-elementor-type=\"wp-page\" data-elementor-id=\"263\" class=\"elementor elementor-263 elementor-882\" data-elementor-post-type=\"page\">\n\t\t\t\t\t\t<section class=\"elementor-section elementor-top-section elementor-element elementor-element-11f03851 elementor-section-height-min-height elementor-section-boxed elementor-section-height-default elementor-section-items-middle\" data-id=\"11f03851\" data-element_type=\"section\" data-e-type=\"section\">\n\t\t\t\t\t\t<div class=\"elementor-container elementor-column-gap-default\">\n\t\t\t\t\t<div class=\"elementor-column elementor-col-100 elementor-top-column elementor-element elementor-element-70140a4\" data-id=\"70140a4\" data-element_type=\"column\" data-e-type=\"column\" data-settings=\"{&quot;background_background&quot;:&quot;classic&quot;}\">\n\t\t\t<div class=\"elementor-widget-wrap elementor-element-populated\">\n\t\t\t\t\t<div class=\"elementor-background-overlay\"><\/div>\n\t\t\t\t\t\t<div class=\"elementor-element elementor-element-6985ea37 elementor-invisible elementor-widget elementor-widget-elementskit-heading\" data-id=\"6985ea37\" data-element_type=\"widget\" data-e-type=\"widget\" data-settings=\"{&quot;_animation&quot;:&quot;fadeIn&quot;}\" data-widget_type=\"elementskit-heading.default\">\n\t\t\t\t<div class=\"elementor-widget-container\">\n\t\t\t\t\t<div class=\"ekit-wid-con\" ><div class=\"ekit-heading elementskit-section-title-wraper text_center   ekit_heading_tablet-   ekit_heading_mobile-text_center\"><h1 class=\"ekit-heading--title elementskit-section-title text_fill\">TRY SCUBA COURSE<\/h1><\/div><\/div>\t\t\t\t<\/div>\n\t\t\t\t<\/div>\n\t\t\t\t<div class=\"elementor-element elementor-element-af08c41 elementor-icon-list--layout-inline elementor-align-center elementor-list-item-link-full_width elementor-invisible elementor-widget elementor-widget-icon-list\" data-id=\"af08c41\" data-element_type=\"widget\" data-e-type=\"widget\" data-settings=\"{&quot;_animation&quot;:&quot;fadeIn&quot;,&quot;_animation_delay&quot;:200}\" data-widget_type=\"icon-list.default\">\n\t\t\t\t<div class=\"elementor-widget-container\">\n\t\t\t\t\t\t\t<ul class=\"elementor-icon-list-items elementor-inline-items\">\n\t\t\t\t\t\t\t<li class=\"elementor-icon-list-item elementor-inline-item\">\n\t\t\t\t\t\t\t\t\t\t\t<a href=\"#\">\n\n\t\t\t\t\t\t\t\t\t\t\t<span class=\"elementor-icon-list-text\">Home<\/span>\n\t\t\t\t\t\t\t\t\t\t\t<\/a>\n\t\t\t\t\t\t\t\t\t<\/li>\n\t\t\t\t\t\t\t\t<li class=\"elementor-icon-list-item elementor-inline-item\">\n\t\t\t\t\t\t\t\t\t\t\t<a href=\"#\">\n\n\t\t\t\t\t\t\t\t\t\t\t\t<span class=\"elementor-icon-list-icon\">\n\t\t\t\t\t\t\t<i aria-hidden=\"true\" class=\"icon icon-right-arrow\"><\/i>\t\t\t\t\t\t<\/span>\n\t\t\t\t\t\t\t\t\t\t<span class=\"elementor-icon-list-text\">Basic Diver<\/span>\n\t\t\t\t\t\t\t\t\t\t\t<\/a>\n\t\t\t\t\t\t\t\t\t<\/li>\n\t\t\t\t\t\t<\/ul>\n\t\t\t\t\t\t<\/div>\n\t\t\t\t<\/div>\n\t\t\t\t\t<\/div>\n\t\t<\/div>\n\t\t\t\t\t<\/div>\n\t\t<\/section>\n\t\t\t\t<section class=\"elementor-section elementor-top-section elementor-element elementor-element-20778556 elementor-section-boxed elementor-section-height-default elementor-section-height-default\" data-id=\"20778556\" data-element_type=\"section\" data-e-type=\"section\">\n\t\t\t\t\t\t<div class=\"elementor-container elementor-column-gap-default\">\n\t\t\t\t\t<div class=\"elementor-column elementor-col-50 elementor-top-column elementor-element elementor-element-71497cec\" data-id=\"71497cec\" data-element_type=\"column\" data-e-type=\"column\">\n\t\t\t<div class=\"elementor-widget-wrap elementor-element-populated\">\n\t\t\t\t\t\t<div class=\"elementor-element elementor-element-3a657e04 elementor-invisible elementor-widget elementor-widget-image\" data-id=\"3a657e04\" data-element_type=\"widget\" data-e-type=\"widget\" data-settings=\"{&quot;_animation&quot;:&quot;fadeIn&quot;}\" data-widget_type=\"image.default\">\n\t\t\t\t<div class=\"elementor-widget-container\">\n\t\t\t\t\t\t\t\t\t\t\t\t\t\t\t<img fetchpriority=\"high\" decoding=\"async\" width=\"800\" height=\"192\" src=\"https:\/\/prodivelanzarote.com\/wp-content\/uploads\/2022\/09\/accent_Asset-5-1024x246-1-1.png\" class=\"attachment-large size-large wp-image-351\" alt=\"immersioni Lanzarote\" srcset=\"https:\/\/prodivelanzarote.com\/wp-content\/uploads\/2022\/09\/accent_Asset-5-1024x246-1-1.png 1024w, https:\/\/prodivelanzarote.com\/wp-content\/uploads\/2022\/09\/accent_Asset-5-1024x246-1-1-300x72.png 300w, https:\/\/prodivelanzarote.com\/wp-content\/uploads\/2022\/09\/accent_Asset-5-1024x246-1-1-768x185.png 768w\" sizes=\"(max-width: 800px) 100vw, 800px\" \/>\t\t\t\t\t\t\t\t\t\t\t\t\t\t\t<\/div>\n\t\t\t\t<\/div>\n\t\t\t\t<div class=\"elementor-element elementor-element-6e615d8f elementor-invisible elementor-widget elementor-widget-elementskit-heading\" data-id=\"6e615d8f\" data-element_type=\"widget\" data-e-type=\"widget\" data-settings=\"{&quot;_animation&quot;:&quot;fadeIn&quot;,&quot;_animation_delay&quot;:200}\" data-widget_type=\"elementskit-heading.default\">\n\t\t\t\t<div class=\"elementor-widget-container\">\n\t\t\t\t\t<div class=\"ekit-wid-con\" ><div class=\"ekit-heading elementskit-section-title-wraper text_left   ekit_heading_tablet-   ekit_heading_mobile-text_left\"><h2 class=\"ekit-heading--title elementskit-section-title text_fill\">Inizia il tuo viaggio subacqueo Scuba con SSI<\/h2><\/div><\/div>\t\t\t\t<\/div>\n\t\t\t\t<\/div>\n\t\t\t\t<div class=\"elementor-element elementor-element-6f32b52f elementor-widget elementor-widget-text-editor\" data-id=\"6f32b52f\" data-element_type=\"widget\" data-e-type=\"widget\" data-widget_type=\"text-editor.default\">\n\t\t\t\t<div class=\"elementor-widget-container\">\n\t\t\t\t\t\t\t\t\t<section class=\"\"><div class=\"row constrain-mode-1\"><div class=\"col desktop-col-start-9 desktop-col-end-13 mobile-col-start-1 mobile-col-end-13\"><p class=\"tag-element\">Nel programma SSI Basic Diver, imparerai le abilit\u00e0 e le conoscenze necessarie per immergerti fino a 12 metri di profondit\u00e0, con un Professional SSI. \u00c8 un ottimo modo per esplorare il mondo sottomarino in modo pi\u00f9 completo, mentre provi le immersioni. L\u2019intero programma Basic Diver pu\u00f2 costituire un credito formativo per i corsi Scuba Diver o Open Water Diver, se ti iscrivi entro 6 mesi, in modo di poter fare il passo successivo nella tua avventura subacquea. Try scuba!<\/p><\/div><\/div><\/section><section class=\"divessi-highlight-background\"><div class=\"row constrain-mode-1\"><div class=\"col desktop-col-start-1 desktop-col-end-13 mobile-col-start-1 mobile-col-end-13\">\u00a0<\/div><\/div><\/section>\t\t\t\t\t\t\t\t<\/div>\n\t\t\t\t<\/div>\n\t\t\t\t<div class=\"elementor-element elementor-element-2aded7d5 elementor-widget elementor-widget-image\" data-id=\"2aded7d5\" data-element_type=\"widget\" data-e-type=\"widget\" data-widget_type=\"image.default\">\n\t\t\t\t<div class=\"elementor-widget-container\">\n\t\t\t\t\t\t\t\t\t\t\t\t\t\t\t<img decoding=\"async\" width=\"800\" height=\"534\" src=\"https:\/\/prodivelanzarote.com\/wp-content\/uploads\/2022\/10\/IMG_3257-1024x683.jpg\" class=\"attachment-large size-large wp-image-507\" alt=\"Diving centre in Costa Teguise\" srcset=\"https:\/\/prodivelanzarote.com\/wp-content\/uploads\/2022\/10\/IMG_3257-1024x683.jpg 1024w, https:\/\/prodivelanzarote.com\/wp-content\/uploads\/2022\/10\/IMG_3257-300x200.jpg 300w, https:\/\/prodivelanzarote.com\/wp-content\/uploads\/2022\/10\/IMG_3257-768x512.jpg 768w, https:\/\/prodivelanzarote.com\/wp-content\/uploads\/2022\/10\/IMG_3257-1536x1024.jpg 1536w, https:\/\/prodivelanzarote.com\/wp-content\/uploads\/2022\/10\/IMG_3257-2048x1365.jpg 2048w\" sizes=\"(max-width: 800px) 100vw, 800px\" \/>\t\t\t\t\t\t\t\t\t\t\t\t\t\t\t<\/div>\n\t\t\t\t<\/div>\n\t\t\t\t\t<\/div>\n\t\t<\/div>\n\t\t\t\t<div class=\"elementor-column elementor-col-50 elementor-top-column elementor-element elementor-element-54fec7ae\" data-id=\"54fec7ae\" data-element_type=\"column\" data-e-type=\"column\">\n\t\t\t<div class=\"elementor-widget-wrap elementor-element-populated\">\n\t\t\t\t\t\t<section class=\"elementor-section elementor-inner-section elementor-element elementor-element-2891fc66 elementor-section-boxed elementor-section-height-default elementor-section-height-default\" data-id=\"2891fc66\" data-element_type=\"section\" data-e-type=\"section\" data-settings=\"{&quot;background_background&quot;:&quot;classic&quot;}\">\n\t\t\t\t\t\t<div class=\"elementor-container elementor-column-gap-default\">\n\t\t\t\t\t<div class=\"elementor-column elementor-col-100 elementor-inner-column elementor-element elementor-element-652520ec\" data-id=\"652520ec\" data-element_type=\"column\" data-e-type=\"column\">\n\t\t\t<div class=\"elementor-widget-wrap elementor-element-populated\">\n\t\t\t\t\t\t<div class=\"elementor-element elementor-element-69c131e elementor-widget__width-auto elementor-widget elementor-widget-heading\" data-id=\"69c131e\" data-element_type=\"widget\" data-e-type=\"widget\" data-widget_type=\"heading.default\">\n\t\t\t\t<div class=\"elementor-widget-container\">\n\t\t\t\t\t<h2 class=\"elementor-heading-title elementor-size-default\">100\u20ac<\/h2>\t\t\t\t<\/div>\n\t\t\t\t<\/div>\n\t\t\t\t<div class=\"elementor-element elementor-element-b4be008 elementor-widget__width-auto elementor-widget elementor-widget-text-editor\" data-id=\"b4be008\" data-element_type=\"widget\" data-e-type=\"widget\" data-widget_type=\"text-editor.default\">\n\t\t\t\t<div class=\"elementor-widget-container\">\n\t\t\t\t\t\t\t\t\t<p>\/ course<\/p>\t\t\t\t\t\t\t\t<\/div>\n\t\t\t\t<\/div>\n\t\t\t\t<div class=\"elementor-element elementor-element-76032314 elementor-widget elementor-widget-text-editor\" data-id=\"76032314\" data-element_type=\"widget\" data-e-type=\"widget\" data-widget_type=\"text-editor.default\">\n\t\t\t\t<div class=\"elementor-widget-container\">\n\t\t\t\t\t\t\t\t\t<p>imparerai le abilit\u00e0 e le conoscenze necessarie per immergerti fino a 12 metri di profondit\u00e0, con un professionista SSI. Try Suba!<\/p>\t\t\t\t\t\t\t\t<\/div>\n\t\t\t\t<\/div>\n\t\t\t\t\t<\/div>\n\t\t<\/div>\n\t\t\t\t\t<\/div>\n\t\t<\/section>\n\t\t\t\t<section class=\"elementor-section elementor-inner-section elementor-element elementor-element-ffe5ce6 elementor-section-boxed elementor-section-height-default elementor-section-height-default\" data-id=\"ffe5ce6\" data-element_type=\"section\" data-e-type=\"section\" data-settings=\"{&quot;background_background&quot;:&quot;classic&quot;}\">\n\t\t\t\t\t\t<div class=\"elementor-container elementor-column-gap-default\">\n\t\t\t\t\t<div class=\"elementor-column elementor-col-100 elementor-inner-column elementor-element elementor-element-4a1cef65\" data-id=\"4a1cef65\" data-element_type=\"column\" data-e-type=\"column\">\n\t\t\t<div class=\"elementor-widget-wrap elementor-element-populated\">\n\t\t\t\t\t\t<div class=\"elementor-element elementor-element-53c04bd5 elementor-widget elementor-widget-heading\" data-id=\"53c04bd5\" data-element_type=\"widget\" data-e-type=\"widget\" data-widget_type=\"heading.default\">\n\t\t\t\t<div class=\"elementor-widget-container\">\n\t\t\t\t\t<h4 class=\"elementor-heading-title elementor-size-default\">Requisiti<\/h4>\t\t\t\t<\/div>\n\t\t\t\t<\/div>\n\t\t\t\t<div class=\"elementor-element elementor-element-579a3b52 elementor-mobile-align-start elementor-icon-list--layout-traditional elementor-list-item-link-full_width elementor-widget elementor-widget-icon-list\" data-id=\"579a3b52\" data-element_type=\"widget\" data-e-type=\"widget\" data-widget_type=\"icon-list.default\">\n\t\t\t\t<div class=\"elementor-widget-container\">\n\t\t\t\t\t\t\t<ul class=\"elementor-icon-list-items\">\n\t\t\t\t\t\t\t<li class=\"elementor-icon-list-item\">\n\t\t\t\t\t\t\t\t\t\t\t<span class=\"elementor-icon-list-icon\">\n\t\t\t\t\t\t\t<i aria-hidden=\"true\" class=\"icon icon-tick\"><\/i>\t\t\t\t\t\t<\/span>\n\t\t\t\t\t\t\t\t\t\t<span class=\"elementor-icon-list-text\">10 anni di et\u00e1<\/span>\n\t\t\t\t\t\t\t\t\t<\/li>\n\t\t\t\t\t\t\t\t<li class=\"elementor-icon-list-item\">\n\t\t\t\t\t\t\t\t\t\t\t<span class=\"elementor-icon-list-icon\">\n\t\t\t\t\t\t\t<i aria-hidden=\"true\" class=\"icon icon-tick\"><\/i>\t\t\t\t\t\t<\/span>\n\t\t\t\t\t\t\t\t\t\t<span class=\"elementor-icon-list-text\">Formulario medico<\/span>\n\t\t\t\t\t\t\t\t\t<\/li>\n\t\t\t\t\t\t<\/ul>\n\t\t\t\t\t\t<\/div>\n\t\t\t\t<\/div>\n\t\t\t\t\t<\/div>\n\t\t<\/div>\n\t\t\t\t\t<\/div>\n\t\t<\/section>\n\t\t\t\t<section class=\"elementor-section elementor-inner-section elementor-element elementor-element-b76f352 elementor-section-boxed elementor-section-height-default elementor-section-height-default\" data-id=\"b76f352\" data-element_type=\"section\" data-e-type=\"section\" data-settings=\"{&quot;background_background&quot;:&quot;classic&quot;}\">\n\t\t\t\t\t\t<div class=\"elementor-container elementor-column-gap-default\">\n\t\t\t\t\t<div class=\"elementor-column elementor-col-100 elementor-inner-column elementor-element elementor-element-9717163\" data-id=\"9717163\" data-element_type=\"column\" data-e-type=\"column\">\n\t\t\t<div class=\"elementor-widget-wrap elementor-element-populated\">\n\t\t\t\t\t\t<div class=\"elementor-element elementor-element-6192ce8 elementor-widget elementor-widget-html\" data-id=\"6192ce8\" data-element_type=\"widget\" data-e-type=\"widget\" data-widget_type=\"html.default\">\n\t\t\t\t<div class=\"elementor-widget-container\">\n\t\t\t\t\t<!-- FareHarbor calendar of item #421491 -->\n<script src=\"https:\/\/fareharbor.com\/embeds\/script\/calendar\/prodivelanzarote\/items\/421491\/?fallback=simple&full-items=yes&flow=852309\"><\/script>\t\t\t\t<\/div>\n\t\t\t\t<\/div>\n\t\t\t\t\t<\/div>\n\t\t<\/div>\n\t\t\t\t\t<\/div>\n\t\t<\/section>\n\t\t\t\t\t<\/div>\n\t\t<\/div>\n\t\t\t\t\t<\/div>\n\t\t<\/section>\n\t\t\t\t<\/div>\n\t\t","protected":false},"excerpt":{"rendered":"<p>TRY SCUBA COURSE Home Basic Diver Inizia il tuo viaggio subacqueo Scuba con SSI Nel programma SSI Basic Diver, imparerai le abilit\u00e0 e le conoscenze necessarie per immergerti fino a 12 metri di profondit\u00e0, con un Professional SSI. \u00c8 un ottimo modo per esplorare il mondo sottomarino in modo pi\u00f9 completo, mentre provi le immersioni. [&hellip;]<\/p>\n","protected":false},"author":1,"featured_media":0,"parent":0,"menu_order":0,"comment_status":"closed","ping_status":"closed","template":"elementor_header_footer","meta":{"footnotes":""},"class_list":["post-263","page","type-page","status-publish","hentry"],"_links":{"self":[{"href":"https:\/\/prodivelanzarote.com\/it\/wp-json\/wp\/v2\/pages\/263","targetHints":{"allow":["GET"]}}],"collection":[{"href":"https:\/\/prodivelanzarote.com\/it\/wp-json\/wp\/v2\/pages"}],"about":[{"href":"https:\/\/prodivelanzarote.com\/it\/wp-json\/wp\/v2\/types\/page"}],"author":[{"embeddable":true,"href":"https:\/\/prodivelanzarote.com\/it\/wp-json\/wp\/v2\/users\/1"}],"replies":[{"embeddable":true,"href":"https:\/\/prodivelanzarote.com\/it\/wp-json\/wp\/v2\/comments?post=263"}],"version-history":[{"count":18,"href":"https:\/\/prodivelanzarote.com\/it\/wp-json\/wp\/v2\/pages\/263\/revisions"}],"predecessor-version":[{"id":2466,"href":"https:\/\/prodivelanzarote.com\/it\/wp-json\/wp\/v2\/pages\/263\/revisions\/2466"}],"wp:attachment":[{"href":"https:\/\/prodivelanzarote.com\/it\/wp-json\/wp\/v2\/media?parent=263"}],"curies":[{"name":"wp","href":"https:\/\/api.w.org\/{rel}","templated":true}]}}