{"id":3713,"date":"2026-05-03T21:09:28","date_gmt":"2026-05-03T21:09:28","guid":{"rendered":"https:\/\/prodivelanzarote.com\/avviso-legale\/"},"modified":"2026-05-03T21:10:59","modified_gmt":"2026-05-03T21:10:59","slug":"avviso-legale","status":"publish","type":"page","link":"https:\/\/prodivelanzarote.com\/it\/avviso-legale\/","title":{"rendered":"Avviso legale"},"content":{"rendered":"\t\t<div data-elementor-type=\"wp-page\" data-elementor-id=\"3713\" class=\"elementor elementor-3713 elementor-3709\" data-elementor-post-type=\"page\">\n\t\t\t\t<div class=\"elementor-element elementor-element-0ba5979 e-flex e-con-boxed e-con e-parent\" data-id=\"0ba5979\" data-element_type=\"container\" data-e-type=\"container\">\n\t\t\t\t\t<div class=\"e-con-inner\">\n\t\t\t\t<div class=\"elementor-element elementor-element-7d89818 elementor-widget elementor-widget-text-editor\" data-id=\"7d89818\" data-element_type=\"widget\" data-e-type=\"widget\" data-widget_type=\"text-editor.default\">\n\t\t\t\t<div class=\"elementor-widget-container\">\n\t\t\t\t\t\t\t\t\t<header class=\"text-center\">\n<h2 class=\"m-auto\">AVVISO LEGALE<\/h2>\n<h4>prodivelanzarote.com<\/h4>\n<\/header>\n<div>\n<h3>I. INFORMAZIONI GENERALI<\/h3>\nIn ottemperanza all&#8217;obbligo di informazione stabilito dalla Legge 34\/2002 dell&#8217;11 luglio sui Servizi della Societ\u00e0 dell&#8217;Informazione e del Commercio Elettronico (LSSI-CE), vengono fornite le seguenti informazioni generali su questo sito web:\n\nLa propriet\u00e0 di questo sito web, prodivelanzarote.com (di seguito, il Sito), appartiene a:\n\n<strong>Salvatore Riccardo<\/strong>, con NIF <strong>Y4514149E<\/strong>, i cui dati di contatto sono i seguenti:\n\nIndirizzo: Avenida del Mar 22, Loc 1-17, 35508 Teguise, Spagna \nEmail di contatto: info@prodivelanzarote.com \nTelefono\/WhatsApp: +34 622 124 828\n\n&#8212;\n<h3>II. TERMINI E CONDIZIONI GENERALI DI UTILIZZO<\/h3>\n<h4>Scopo delle condizioni: Il sito web<\/h4>\nLo scopo delle presenti Condizioni Generali d&#8217;Uso (di seguito, Condizioni) \u00e8 quello di regolamentare l&#8217;accesso e l&#8217;utilizzo del Sito. Ai fini delle presenti Condizioni, per Sito Web si intende: l&#8217;aspetto esterno delle interfacce dello schermo, sia staticamente che dinamicamente, ossia l&#8217;albero di navigazione; e tutti gli elementi integrati sia nelle interfacce dello schermo che nell&#8217;albero di navigazione (di seguito, Contenuti), nonch\u00e9 tutti i servizi o le risorse online che possono essere offerti agli Utenti (di seguito, Servizi).\n\n<strong>Pro Dive Lanzarote<\/strong> si riserva il diritto di modificare, in qualsiasi momento e senza preavviso, la presentazione e la configurazione del Sito web, nonch\u00e9 i Contenuti e i Servizi che possono essere incorporati in esso.\n\nL&#8217;Utente riconosce e accetta che in qualsiasi momento Pro Dive Lanzarote potr\u00e0 interrompere, disattivare e\/o cancellare uno qualsiasi di questi elementi.\n\nAlcuni dei Contenuti o Servizi offerti possono essere soggetti a contrattazione preventiva, nel qual caso saranno specificate le relative condizioni.\n\n&#8212;\n<h4>L&#8217;utente<\/h4>\nL&#8217;accesso, la navigazione e l&#8217;utilizzo del Sito conferiscono lo status di Utente, e quindi l&#8217;accettazione di tutte le Condizioni qui riportate dal momento in cui inizia la navigazione.\n\nL&#8217;Utente accetta di:\n\n&#8211; Fare un uso appropriato dei contenuti e dei servizi\n&#8211; Non utilizzarli per attivit\u00e0 illegali\n&#8211; Fornire informazioni veritiere nei moduli\n\nPro Dive Lanzarote si riserva il diritto di rimuovere commenti o contenuti che violino la legge, la dignit\u00e0 o il rispetto.\n\nL&#8217;accesso al Sito non implica un rapporto commerciale diretto.\n\nL&#8217;Utente dichiara di essere maggiorenne.\n\nIl Sito \u00e8 destinato principalmente agli utenti della Spagna. L&#8217;accesso da altri paesi \u00e8 responsabilit\u00e0 dell&#8217;Utente.\n\n&#8212;\n<h3>III. ACCESSO E NAVIGAZIONE: ESCLUSIONE DI GARANZIE<\/h3>\nPro Dive Lanzarote non garantisce la continuit\u00e0 o la disponibilit\u00e0 del Sito web.\n\nNon \u00e8 responsabile di eventuali danni derivanti dall&#8217;uso del Sito, compresi virus o guasti tecnici.\n\n&#8212;\n<h3>IV. POLITICA DEI LINK<\/h3>\nIl Sito pu\u00f2 contenere link a siti web di terzi.\n\nPro Dive Lanzarote non \u00e8 responsabile del contenuto, dei servizi o del funzionamento di tali siti esterni.\n\n&#8212;\n<h3>V. PROPRIET\u00c0 INTELLETTUALE E INDUSTRIALE<\/h3>\nTutti i contenuti del Sito (testi, immagini, design, ecc.) sono di propriet\u00e0 di Pro Dive Lanzarote o sono concessi in licenza.\n\n\u00c8 vietata la riproduzione senza espressa autorizzazione.\n\n&#8212;\n<h3>VI. AZIONI LEGALI, LEGGE APPLICABILE E GIURISDIZIONE<\/h3>\nPro Dive Lanzarote pu\u00f2 intraprendere azioni legali contro l&#8217;uso improprio del Sito web.\n\nIl rapporto tra l&#8217;Utente e il proprietario sar\u00e0 regolato dalla legge spagnola.\n\nQualsiasi controversia sar\u00e0 sottoposta alle corti e ai tribunali di Madrid.\n\n<\/div>\t\t\t\t\t\t\t\t<\/div>\n\t\t\t\t<\/div>\n\t\t\t\t\t<\/div>\n\t\t\t\t<\/div>\n\t\t\t\t<\/div>\n\t\t","protected":false},"excerpt":{"rendered":"<p>AVVISO LEGALE prodivelanzarote.com I. INFORMAZIONI GENERALI In ottemperanza all&#8217;obbligo di informazione stabilito dalla Legge 34\/2002 dell&#8217;11 luglio sui Servizi della Societ\u00e0 dell&#8217;Informazione e del Commercio Elettronico (LSSI-CE), vengono fornite le seguenti informazioni generali su questo sito web: La propriet\u00e0 di questo sito web, prodivelanzarote.com (di seguito, il Sito), appartiene a: Salvatore Riccardo, con NIF Y4514149E, [&hellip;]<\/p>\n","protected":false},"author":6,"featured_media":0,"parent":0,"menu_order":0,"comment_status":"closed","ping_status":"closed","template":"elementor_header_footer","meta":{"footnotes":""},"class_list":["post-3713","page","type-page","status-publish","hentry"],"_links":{"self":[{"href":"https:\/\/prodivelanzarote.com\/it\/wp-json\/wp\/v2\/pages\/3713","targetHints":{"allow":["GET"]}}],"collection":[{"href":"https:\/\/prodivelanzarote.com\/it\/wp-json\/wp\/v2\/pages"}],"about":[{"href":"https:\/\/prodivelanzarote.com\/it\/wp-json\/wp\/v2\/types\/page"}],"author":[{"embeddable":true,"href":"https:\/\/prodivelanzarote.com\/it\/wp-json\/wp\/v2\/users\/6"}],"replies":[{"embeddable":true,"href":"https:\/\/prodivelanzarote.com\/it\/wp-json\/wp\/v2\/comments?post=3713"}],"version-history":[{"count":2,"href":"https:\/\/prodivelanzarote.com\/it\/wp-json\/wp\/v2\/pages\/3713\/revisions"}],"predecessor-version":[{"id":3718,"href":"https:\/\/prodivelanzarote.com\/it\/wp-json\/wp\/v2\/pages\/3713\/revisions\/3718"}],"wp:attachment":[{"href":"https:\/\/prodivelanzarote.com\/it\/wp-json\/wp\/v2\/media?parent=3713"}],"curies":[{"name":"wp","href":"https:\/\/api.w.org\/{rel}","templated":true}]}}