{"id":599,"date":"2022-11-02T14:17:56","date_gmt":"2022-11-02T14:17:56","guid":{"rendered":"https:\/\/prodivelanzarote.com\/?page_id=599"},"modified":"2023-05-17T16:13:57","modified_gmt":"2023-05-17T16:13:57","slug":"charco-del-palo","status":"publish","type":"page","link":"https:\/\/prodivelanzarote.com\/it\/charco-del-palo\/","title":{"rendered":"Charco del Palo"},"content":{"rendered":"\t\t<div data-elementor-type=\"wp-page\" data-elementor-id=\"599\" class=\"elementor elementor-599 elementor-871\" data-elementor-post-type=\"page\">\n\t\t\t\t\t\t<section class=\"elementor-section elementor-top-section elementor-element elementor-element-55e08cab elementor-section-height-min-height elementor-section-boxed elementor-section-height-default elementor-section-items-middle\" data-id=\"55e08cab\" data-element_type=\"section\" data-e-type=\"section\">\n\t\t\t\t\t\t<div class=\"elementor-container elementor-column-gap-default\">\n\t\t\t\t\t<div class=\"elementor-column elementor-col-100 elementor-top-column elementor-element elementor-element-7a7e874a\" data-id=\"7a7e874a\" data-element_type=\"column\" data-e-type=\"column\" data-settings=\"{&quot;background_background&quot;:&quot;classic&quot;}\">\n\t\t\t<div class=\"elementor-widget-wrap elementor-element-populated\">\n\t\t\t\t\t<div class=\"elementor-background-overlay\"><\/div>\n\t\t\t\t\t\t<div class=\"elementor-element elementor-element-5b428aaa elementor-invisible elementor-widget elementor-widget-elementskit-heading\" data-id=\"5b428aaa\" data-element_type=\"widget\" data-e-type=\"widget\" data-settings=\"{&quot;_animation&quot;:&quot;fadeIn&quot;}\" data-widget_type=\"elementskit-heading.default\">\n\t\t\t\t<div class=\"elementor-widget-container\">\n\t\t\t\t\t<div class=\"ekit-wid-con\" ><div class=\"ekit-heading elementskit-section-title-wraper text_center   ekit_heading_tablet-   ekit_heading_mobile-text_center\"><h1 class=\"ekit-heading--title elementskit-section-title text_fill\">Immersioni a Charco del Palo<\/h1><\/div><\/div>\t\t\t\t<\/div>\n\t\t\t\t<\/div>\n\t\t\t\t<div class=\"elementor-element elementor-element-20a21c80 elementor-icon-list--layout-inline elementor-align-center elementor-list-item-link-full_width elementor-invisible elementor-widget elementor-widget-icon-list\" data-id=\"20a21c80\" data-element_type=\"widget\" data-e-type=\"widget\" data-settings=\"{&quot;_animation&quot;:&quot;fadeIn&quot;,&quot;_animation_delay&quot;:200}\" data-widget_type=\"icon-list.default\">\n\t\t\t\t<div class=\"elementor-widget-container\">\n\t\t\t\t\t\t\t<ul class=\"elementor-icon-list-items elementor-inline-items\">\n\t\t\t\t\t\t\t<li class=\"elementor-icon-list-item elementor-inline-item\">\n\t\t\t\t\t\t\t\t\t\t\t<a href=\"https:\/\/prodivelanzarote.com\/it\/\">\n\n\t\t\t\t\t\t\t\t\t\t\t<span class=\"elementor-icon-list-text\">Pagina iniziale<\/span>\n\t\t\t\t\t\t\t\t\t\t\t<\/a>\n\t\t\t\t\t\t\t\t\t<\/li>\n\t\t\t\t\t\t\t\t<li class=\"elementor-icon-list-item elementor-inline-item\">\n\t\t\t\t\t\t\t\t\t\t\t<a href=\"https:\/\/prodivelanzarote.com\/it\/siti-di-immersione\/\">\n\n\t\t\t\t\t\t\t\t\t\t\t\t<span class=\"elementor-icon-list-icon\">\n\t\t\t\t\t\t\t<i aria-hidden=\"true\" class=\"icon icon-right-arrow\"><\/i>\t\t\t\t\t\t<\/span>\n\t\t\t\t\t\t\t\t\t\t<span class=\"elementor-icon-list-text\">Immersioni guidate<\/span>\n\t\t\t\t\t\t\t\t\t\t\t<\/a>\n\t\t\t\t\t\t\t\t\t<\/li>\n\t\t\t\t\t\t\t\t<li class=\"elementor-icon-list-item elementor-inline-item\">\n\t\t\t\t\t\t\t\t\t\t\t<a href=\"https:\/\/prodivelanzarote.com\/it\/charco-del-palo\/\">\n\n\t\t\t\t\t\t\t\t\t\t\t\t<span class=\"elementor-icon-list-icon\">\n\t\t\t\t\t\t\t<i aria-hidden=\"true\" class=\"icon icon-right-arrow\"><\/i>\t\t\t\t\t\t<\/span>\n\t\t\t\t\t\t\t\t\t\t<span class=\"elementor-icon-list-text\">Mala e Charco del Palo<\/span>\n\t\t\t\t\t\t\t\t\t\t\t<\/a>\n\t\t\t\t\t\t\t\t\t<\/li>\n\t\t\t\t\t\t<\/ul>\n\t\t\t\t\t\t<\/div>\n\t\t\t\t<\/div>\n\t\t\t\t<div class=\"elementor-element elementor-element-e1cd55a elementor-align-center elementor-widget elementor-widget-elementskit-button\" data-id=\"e1cd55a\" data-element_type=\"widget\" data-e-type=\"widget\" data-widget_type=\"elementskit-button.default\">\n\t\t\t\t<div class=\"elementor-widget-container\">\n\t\t\t\t\t<div class=\"ekit-wid-con\" >\t\t<div class=\"ekit-btn-wraper\">\n\t\t\t\t\t\t\t<a href=\"https:\/\/fareharbor.com\/embeds\/book\/prodivelanzarote\/items\/421519\/?full-items=yes&#038;flow=851579\" class=\"elementskit-btn  whitespace--normal\" id=\"\" rel=\"nofollow noopener\" target=\"_blank\">\n\t\t\t\t\tPrenota ora\t\t\t\t<\/a>\n\t\t\t\t\t<\/div>\n        <\/div>\t\t\t\t<\/div>\n\t\t\t\t<\/div>\n\t\t\t\t<div class=\"elementor-element elementor-element-4fb4625 elementor-widget elementor-widget-html\" data-id=\"4fb4625\" data-element_type=\"widget\" data-e-type=\"widget\" data-widget_type=\"html.default\">\n\t\t\t\t<div class=\"elementor-widget-container\">\n\t\t\t\t\t<style>.fh-fixed--side {display: none !important;} <\/style>\t\t\t\t<\/div>\n\t\t\t\t<\/div>\n\t\t\t\t\t<\/div>\n\t\t<\/div>\n\t\t\t\t\t<\/div>\n\t\t<\/section>\n\t\t\t\t<section class=\"elementor-section elementor-top-section elementor-element elementor-element-111b9953 elementor-section-boxed elementor-section-height-default elementor-section-height-default\" data-id=\"111b9953\" data-element_type=\"section\" data-e-type=\"section\">\n\t\t\t\t\t\t<div class=\"elementor-container elementor-column-gap-default\">\n\t\t\t\t\t<div class=\"elementor-column elementor-col-50 elementor-top-column elementor-element elementor-element-6ed227ec\" data-id=\"6ed227ec\" data-element_type=\"column\" data-e-type=\"column\">\n\t\t\t<div class=\"elementor-widget-wrap elementor-element-populated\">\n\t\t\t\t\t\t<div class=\"elementor-element elementor-element-828ee58 elementor-invisible elementor-widget elementor-widget-image\" data-id=\"828ee58\" data-element_type=\"widget\" data-e-type=\"widget\" data-settings=\"{&quot;_animation&quot;:&quot;fadeIn&quot;}\" data-widget_type=\"image.default\">\n\t\t\t\t<div class=\"elementor-widget-container\">\n\t\t\t\t\t\t\t\t\t\t\t\t\t\t\t<img fetchpriority=\"high\" decoding=\"async\" width=\"800\" height=\"192\" src=\"https:\/\/prodivelanzarote.com\/wp-content\/uploads\/2022\/09\/accent_Asset-5-1024x246-1-1.png\" class=\"attachment-large size-large wp-image-351\" alt=\"immersioni Lanzarote\" srcset=\"https:\/\/prodivelanzarote.com\/wp-content\/uploads\/2022\/09\/accent_Asset-5-1024x246-1-1.png 1024w, https:\/\/prodivelanzarote.com\/wp-content\/uploads\/2022\/09\/accent_Asset-5-1024x246-1-1-300x72.png 300w, https:\/\/prodivelanzarote.com\/wp-content\/uploads\/2022\/09\/accent_Asset-5-1024x246-1-1-768x185.png 768w\" sizes=\"(max-width: 800px) 100vw, 800px\" \/>\t\t\t\t\t\t\t\t\t\t\t\t\t\t\t<\/div>\n\t\t\t\t<\/div>\n\t\t\t\t<div class=\"elementor-element elementor-element-5572496 elementor-invisible elementor-widget elementor-widget-elementskit-heading\" data-id=\"5572496\" data-element_type=\"widget\" data-e-type=\"widget\" data-settings=\"{&quot;_animation&quot;:&quot;fadeIn&quot;,&quot;_animation_delay&quot;:200}\" data-widget_type=\"elementskit-heading.default\">\n\t\t\t\t<div class=\"elementor-widget-container\">\n\t\t\t\t\t<div class=\"ekit-wid-con\" ><div class=\"ekit-heading elementskit-section-title-wraper text_left   ekit_heading_tablet-   ekit_heading_mobile-text_left\"><h2 class=\"ekit-heading--title elementskit-section-title text_fill\">CHARCO DEL PALO<\/h2><\/div><\/div>\t\t\t\t<\/div>\n\t\t\t\t<\/div>\n\t\t\t\t<div class=\"elementor-element elementor-element-52f1f332 elementor-widget elementor-widget-text-editor\" data-id=\"52f1f332\" data-element_type=\"widget\" data-e-type=\"widget\" data-widget_type=\"text-editor.default\">\n\t\t\t\t<div class=\"elementor-widget-container\">\n\t\t\t\t\t\t\t\t\t<p>Questa immersione \u00e8 una buona opzione quando il mare \u00e8 mosso da sud-ovest. Nota per il suo paesaggio roccioso puramente vulcanico con sabbia bianca. In uno spazio molto ridotto, \u00e8 presente un&#8217;eccellente rappresentazione di molti ecosistemi delle Isole Canarie. In alto, il fondo roccioso \u00e8 ricoperto da una colorata coltre di alghe, mentre sotto i 10 metri la roccia forma scogliere e grotte prima di scomparire nei banchi di sabbia. Sotto i 40-50 m crescono foreste di corallo nero accessibili solo a subacquei esperti.<\/p>\n\t\t\t\t\t\t\t\t<\/div>\n\t\t\t\t<\/div>\n\t\t\t\t\t<\/div>\n\t\t<\/div>\n\t\t\t\t<div class=\"elementor-column elementor-col-50 elementor-top-column elementor-element elementor-element-6f42bf40\" data-id=\"6f42bf40\" data-element_type=\"column\" data-e-type=\"column\">\n\t\t\t<div class=\"elementor-widget-wrap elementor-element-populated\">\n\t\t\t\t\t\t<section class=\"elementor-section elementor-inner-section elementor-element elementor-element-36b19599 elementor-section-boxed elementor-section-height-default elementor-section-height-default\" data-id=\"36b19599\" data-element_type=\"section\" data-e-type=\"section\" data-settings=\"{&quot;background_background&quot;:&quot;classic&quot;}\">\n\t\t\t\t\t\t<div class=\"elementor-container elementor-column-gap-default\">\n\t\t\t\t\t<div class=\"elementor-column elementor-col-100 elementor-inner-column elementor-element elementor-element-3334f9a\" data-id=\"3334f9a\" data-element_type=\"column\" data-e-type=\"column\">\n\t\t\t<div class=\"elementor-widget-wrap elementor-element-populated\">\n\t\t\t\t\t\t<div class=\"elementor-element elementor-element-90c269a elementor-widget elementor-widget-image\" data-id=\"90c269a\" data-element_type=\"widget\" data-e-type=\"widget\" data-widget_type=\"image.default\">\n\t\t\t\t<div class=\"elementor-widget-container\">\n\t\t\t\t\t\t\t\t\t\t\t\t\t\t\t\t<a href=\"https:\/\/prodivelanzarote.com\/wp-content\/uploads\/2022\/11\/charco.jpg\" data-elementor-open-lightbox=\"yes\" data-elementor-lightbox-title=\"carboncino\" data-e-action-hash=\"#elementor-action%3Aaction%3Dlightbox%26settings%3DeyJpZCI6NjMwLCJ1cmwiOiJodHRwczpcL1wvcHJvZGl2ZWxhbnphcm90ZS5jb21cL3dwLWNvbnRlbnRcL3VwbG9hZHNcLzIwMjJcLzExXC9jaGFyY28uanBnIn0%3D\">\n\t\t\t\t\t\t\t<img decoding=\"async\" width=\"768\" height=\"548\" src=\"https:\/\/prodivelanzarote.com\/wp-content\/uploads\/2022\/11\/charco-768x548.jpg\" class=\"attachment-medium_large size-medium_large wp-image-630\" alt=\"Diving in Charco\" srcset=\"https:\/\/prodivelanzarote.com\/wp-content\/uploads\/2022\/11\/charco-768x548.jpg 768w, https:\/\/prodivelanzarote.com\/wp-content\/uploads\/2022\/11\/charco-300x214.jpg 300w, https:\/\/prodivelanzarote.com\/wp-content\/uploads\/2022\/11\/charco-1024x731.jpg 1024w, https:\/\/prodivelanzarote.com\/wp-content\/uploads\/2022\/11\/charco-1536x1097.jpg 1536w, https:\/\/prodivelanzarote.com\/wp-content\/uploads\/2022\/11\/charco.jpg 1783w\" sizes=\"(max-width: 768px) 100vw, 768px\" \/>\t\t\t\t\t\t\t\t<\/a>\n\t\t\t\t\t\t\t\t\t\t\t\t\t\t\t<\/div>\n\t\t\t\t<\/div>\n\t\t\t\t\t<\/div>\n\t\t<\/div>\n\t\t\t\t\t<\/div>\n\t\t<\/section>\n\t\t\t\t\t<\/div>\n\t\t<\/div>\n\t\t\t\t\t<\/div>\n\t\t<\/section>\n\t\t\t\t<section class=\"elementor-section elementor-top-section elementor-element elementor-element-574c399 elementor-section-boxed elementor-section-height-default elementor-section-height-default\" data-id=\"574c399\" data-element_type=\"section\" data-e-type=\"section\">\n\t\t\t\t\t\t<div class=\"elementor-container elementor-column-gap-default\">\n\t\t\t\t\t<div class=\"elementor-column elementor-col-50 elementor-top-column elementor-element elementor-element-58936d1\" data-id=\"58936d1\" data-element_type=\"column\" data-e-type=\"column\">\n\t\t\t<div class=\"elementor-widget-wrap elementor-element-populated\">\n\t\t\t\t\t\t<section class=\"elementor-section elementor-inner-section elementor-element elementor-element-c9b567a elementor-section-boxed elementor-section-height-default elementor-section-height-default\" data-id=\"c9b567a\" data-element_type=\"section\" data-e-type=\"section\" data-settings=\"{&quot;background_background&quot;:&quot;classic&quot;}\">\n\t\t\t\t\t\t<div class=\"elementor-container elementor-column-gap-default\">\n\t\t\t\t\t<div class=\"elementor-column elementor-col-100 elementor-inner-column elementor-element elementor-element-a313759\" data-id=\"a313759\" data-element_type=\"column\" data-e-type=\"column\">\n\t\t\t<div class=\"elementor-widget-wrap elementor-element-populated\">\n\t\t\t\t\t\t<div class=\"elementor-element elementor-element-855e07d elementor-widget elementor-widget-image\" data-id=\"855e07d\" data-element_type=\"widget\" data-e-type=\"widget\" data-widget_type=\"image.default\">\n\t\t\t\t<div class=\"elementor-widget-container\">\n\t\t\t\t\t\t\t\t\t\t\t\t\t\t\t\t<a href=\"https:\/\/prodivelanzarote.com\/wp-content\/uploads\/2022\/11\/puerto-moro.webp\" data-elementor-open-lightbox=\"yes\" data-elementor-lightbox-title=\"porto-moro\" data-e-action-hash=\"#elementor-action%3Aaction%3Dlightbox%26settings%3DeyJpZCI6NjM1LCJ1cmwiOiJodHRwczpcL1wvcHJvZGl2ZWxhbnphcm90ZS5jb21cL3dwLWNvbnRlbnRcL3VwbG9hZHNcLzIwMjJcLzExXC9wdWVydG8tbW9yby53ZWJwIn0%3D\">\n\t\t\t\t\t\t\t<img decoding=\"async\" width=\"768\" height=\"384\" src=\"https:\/\/prodivelanzarote.com\/wp-content\/uploads\/2022\/11\/puerto-moro-768x384.webp\" class=\"attachment-medium_large size-medium_large wp-image-635\" alt=\"Dive in Puerto Moro\" srcset=\"https:\/\/prodivelanzarote.com\/wp-content\/uploads\/2022\/11\/puerto-moro-768x384.webp 768w, https:\/\/prodivelanzarote.com\/wp-content\/uploads\/2022\/11\/puerto-moro-300x150.webp 300w, https:\/\/prodivelanzarote.com\/wp-content\/uploads\/2022\/11\/puerto-moro.webp 900w\" sizes=\"(max-width: 768px) 100vw, 768px\" \/>\t\t\t\t\t\t\t\t<\/a>\n\t\t\t\t\t\t\t\t\t\t\t\t\t\t\t<\/div>\n\t\t\t\t<\/div>\n\t\t\t\t\t<\/div>\n\t\t<\/div>\n\t\t\t\t\t<\/div>\n\t\t<\/section>\n\t\t\t\t\t<\/div>\n\t\t<\/div>\n\t\t\t\t<div class=\"elementor-column elementor-col-50 elementor-top-column elementor-element elementor-element-a1ee4ec\" data-id=\"a1ee4ec\" data-element_type=\"column\" data-e-type=\"column\">\n\t\t\t<div class=\"elementor-widget-wrap elementor-element-populated\">\n\t\t\t\t\t\t<div class=\"elementor-element elementor-element-d3a2f7b elementor-invisible elementor-widget elementor-widget-image\" data-id=\"d3a2f7b\" data-element_type=\"widget\" data-e-type=\"widget\" data-settings=\"{&quot;_animation&quot;:&quot;fadeIn&quot;}\" data-widget_type=\"image.default\">\n\t\t\t\t<div class=\"elementor-widget-container\">\n\t\t\t\t\t\t\t\t\t\t\t\t\t\t\t<img fetchpriority=\"high\" decoding=\"async\" width=\"800\" height=\"192\" src=\"https:\/\/prodivelanzarote.com\/wp-content\/uploads\/2022\/09\/accent_Asset-5-1024x246-1-1.png\" class=\"attachment-large size-large wp-image-351\" alt=\"immersioni Lanzarote\" srcset=\"https:\/\/prodivelanzarote.com\/wp-content\/uploads\/2022\/09\/accent_Asset-5-1024x246-1-1.png 1024w, https:\/\/prodivelanzarote.com\/wp-content\/uploads\/2022\/09\/accent_Asset-5-1024x246-1-1-300x72.png 300w, https:\/\/prodivelanzarote.com\/wp-content\/uploads\/2022\/09\/accent_Asset-5-1024x246-1-1-768x185.png 768w\" sizes=\"(max-width: 800px) 100vw, 800px\" \/>\t\t\t\t\t\t\t\t\t\t\t\t\t\t\t<\/div>\n\t\t\t\t<\/div>\n\t\t\t\t<div class=\"elementor-element elementor-element-10e7153 elementor-invisible elementor-widget elementor-widget-elementskit-heading\" data-id=\"10e7153\" data-element_type=\"widget\" data-e-type=\"widget\" data-settings=\"{&quot;_animation&quot;:&quot;fadeIn&quot;,&quot;_animation_delay&quot;:200}\" data-widget_type=\"elementskit-heading.default\">\n\t\t\t\t<div class=\"elementor-widget-container\">\n\t\t\t\t\t<div class=\"ekit-wid-con\" ><div class=\"ekit-heading elementskit-section-title-wraper text_left   ekit_heading_tablet-   ekit_heading_mobile-text_left\"><h2 class=\"ekit-heading--title elementskit-section-title text_fill\">L'ASCENSORE<\/h2><\/div><\/div>\t\t\t\t<\/div>\n\t\t\t\t<\/div>\n\t\t\t\t<div class=\"elementor-element elementor-element-beb6500 elementor-widget elementor-widget-text-editor\" data-id=\"beb6500\" data-element_type=\"widget\" data-e-type=\"widget\" data-widget_type=\"text-editor.default\">\n\t\t\t\t<div class=\"elementor-widget-container\">\n\t\t\t\t\t\t\t\t\t<p>Questa immersione \u00e8 unica per l&#8217;isola. La natura crea ancora una volta forme impossibili, un tubo vulcanico in cui possiamo immergerci come se fosse un ascensore. \u00c8 una grotta in cui la luce crea effetti magici grazie alla moltitudine di lucernari che la attraversano. Oltre all&#8217;ascensore, i dintorni meritano di essere esplorati per il loro paesaggio vulcanico con fessure, gallerie e grandi archi.<\/p>\n\t\t\t\t\t\t\t\t<\/div>\n\t\t\t\t<\/div>\n\t\t\t\t\t<\/div>\n\t\t<\/div>\n\t\t\t\t\t<\/div>\n\t\t<\/section>\n\t\t\t\t<section class=\"elementor-section elementor-top-section elementor-element elementor-element-e5c4cba elementor-section-boxed elementor-section-height-default elementor-section-height-default\" data-id=\"e5c4cba\" data-element_type=\"section\" data-e-type=\"section\">\n\t\t\t\t\t\t<div class=\"elementor-container elementor-column-gap-default\">\n\t\t\t\t\t<div class=\"elementor-column elementor-col-50 elementor-top-column elementor-element elementor-element-c6d3f9a\" data-id=\"c6d3f9a\" data-element_type=\"column\" data-e-type=\"column\">\n\t\t\t<div class=\"elementor-widget-wrap elementor-element-populated\">\n\t\t\t\t\t\t<div class=\"elementor-element elementor-element-905b836 elementor-invisible elementor-widget elementor-widget-image\" data-id=\"905b836\" data-element_type=\"widget\" data-e-type=\"widget\" data-settings=\"{&quot;_animation&quot;:&quot;fadeIn&quot;}\" data-widget_type=\"image.default\">\n\t\t\t\t<div class=\"elementor-widget-container\">\n\t\t\t\t\t\t\t\t\t\t\t\t\t\t\t<img fetchpriority=\"high\" decoding=\"async\" width=\"800\" height=\"192\" src=\"https:\/\/prodivelanzarote.com\/wp-content\/uploads\/2022\/09\/accent_Asset-5-1024x246-1-1.png\" class=\"attachment-large size-large wp-image-351\" alt=\"immersioni Lanzarote\" srcset=\"https:\/\/prodivelanzarote.com\/wp-content\/uploads\/2022\/09\/accent_Asset-5-1024x246-1-1.png 1024w, https:\/\/prodivelanzarote.com\/wp-content\/uploads\/2022\/09\/accent_Asset-5-1024x246-1-1-300x72.png 300w, https:\/\/prodivelanzarote.com\/wp-content\/uploads\/2022\/09\/accent_Asset-5-1024x246-1-1-768x185.png 768w\" sizes=\"(max-width: 800px) 100vw, 800px\" \/>\t\t\t\t\t\t\t\t\t\t\t\t\t\t\t<\/div>\n\t\t\t\t<\/div>\n\t\t\t\t<div class=\"elementor-element elementor-element-d05b910 elementor-invisible elementor-widget elementor-widget-elementskit-heading\" data-id=\"d05b910\" data-element_type=\"widget\" data-e-type=\"widget\" data-settings=\"{&quot;_animation&quot;:&quot;fadeIn&quot;,&quot;_animation_delay&quot;:200}\" data-widget_type=\"elementskit-heading.default\">\n\t\t\t\t<div class=\"elementor-widget-container\">\n\t\t\t\t\t<div class=\"ekit-wid-con\" ><div class=\"ekit-heading elementskit-section-title-wraper text_left   ekit_heading_tablet-   ekit_heading_mobile-text_left\"><h2 class=\"ekit-heading--title elementskit-section-title text_fill\">IL CANYON<\/h2><\/div><\/div>\t\t\t\t<\/div>\n\t\t\t\t<\/div>\n\t\t\t\t<div class=\"elementor-element elementor-element-a7deb7c elementor-widget elementor-widget-text-editor\" data-id=\"a7deb7c\" data-element_type=\"widget\" data-e-type=\"widget\" data-widget_type=\"text-editor.default\">\n\t\t\t\t<div class=\"elementor-widget-container\">\n\t\t\t\t\t\t\t\t\t<p>Pareti gigantesche fiancheggiano questo canyon, come un corridoio che attraverseremo in mezzo all&#8217;oceano circondato da rocce dalle forme impossibili, grotte, archi, banchi di sabbia bianca, ecc. La visibilit\u00e0 normalmente buona e il modo in cui la luce si riflette rendono El Ca\u00f1\u00f3n, a Mala, un&#8217;immersione unica a Lanzarote.<\/p>\n\t\t\t\t\t\t\t\t<\/div>\n\t\t\t\t<\/div>\n\t\t\t\t\t<\/div>\n\t\t<\/div>\n\t\t\t\t<div class=\"elementor-column elementor-col-50 elementor-top-column elementor-element elementor-element-2af904b\" data-id=\"2af904b\" data-element_type=\"column\" data-e-type=\"column\">\n\t\t\t<div class=\"elementor-widget-wrap elementor-element-populated\">\n\t\t\t\t\t\t<section class=\"elementor-section elementor-inner-section elementor-element elementor-element-b132b27 elementor-section-boxed elementor-section-height-default elementor-section-height-default\" data-id=\"b132b27\" data-element_type=\"section\" data-e-type=\"section\" data-settings=\"{&quot;background_background&quot;:&quot;classic&quot;}\">\n\t\t\t\t\t\t<div class=\"elementor-container elementor-column-gap-default\">\n\t\t\t\t\t<div class=\"elementor-column elementor-col-100 elementor-inner-column elementor-element elementor-element-5652719\" data-id=\"5652719\" data-element_type=\"column\" data-e-type=\"column\">\n\t\t\t<div class=\"elementor-widget-wrap elementor-element-populated\">\n\t\t\t\t\t\t<div class=\"elementor-element elementor-element-852062c elementor-widget elementor-widget-image\" data-id=\"852062c\" data-element_type=\"widget\" data-e-type=\"widget\" data-widget_type=\"image.default\">\n\t\t\t\t<div class=\"elementor-widget-container\">\n\t\t\t\t\t\t\t\t\t\t\t\t\t\t\t\t<a href=\"https:\/\/prodivelanzarote.com\/wp-content\/uploads\/2022\/11\/vlcsnap-2022-11-05-19h53m25s594.png\" data-elementor-open-lightbox=\"yes\" data-elementor-lightbox-title=\"vlcsnap-2022-11-05-19h53m25s594\" data-e-action-hash=\"#elementor-action%3Aaction%3Dlightbox%26settings%3DeyJpZCI6NjM2LCJ1cmwiOiJodHRwczpcL1wvcHJvZGl2ZWxhbnphcm90ZS5jb21cL3dwLWNvbnRlbnRcL3VwbG9hZHNcLzIwMjJcLzExXC92bGNzbmFwLTIwMjItMTEtMDUtMTloNTNtMjVzNTk0LnBuZyJ9\">\n\t\t\t\t\t\t\t<img loading=\"lazy\" decoding=\"async\" width=\"768\" height=\"897\" src=\"https:\/\/prodivelanzarote.com\/wp-content\/uploads\/2022\/11\/vlcsnap-2022-11-05-19h53m25s594-768x897.png\" class=\"attachment-medium_large size-medium_large wp-image-636\" alt=\"Diving centre in Lanzarote\" srcset=\"https:\/\/prodivelanzarote.com\/wp-content\/uploads\/2022\/11\/vlcsnap-2022-11-05-19h53m25s594-768x897.png 768w, https:\/\/prodivelanzarote.com\/wp-content\/uploads\/2022\/11\/vlcsnap-2022-11-05-19h53m25s594-257x300.png 257w, https:\/\/prodivelanzarote.com\/wp-content\/uploads\/2022\/11\/vlcsnap-2022-11-05-19h53m25s594-877x1024.png 877w, https:\/\/prodivelanzarote.com\/wp-content\/uploads\/2022\/11\/vlcsnap-2022-11-05-19h53m25s594.png 1080w\" sizes=\"(max-width: 768px) 100vw, 768px\" \/>\t\t\t\t\t\t\t\t<\/a>\n\t\t\t\t\t\t\t\t\t\t\t\t\t\t\t<\/div>\n\t\t\t\t<\/div>\n\t\t\t\t\t<\/div>\n\t\t<\/div>\n\t\t\t\t\t<\/div>\n\t\t<\/section>\n\t\t\t\t\t<\/div>\n\t\t<\/div>\n\t\t\t\t\t<\/div>\n\t\t<\/section>\n\t\t\t\t<\/div>\n\t\t","protected":false},"excerpt":{"rendered":"<p>Immersioni a Charco del Palo Pagina iniziale Immersioni guidate Mala e Charco del Palo Prenota ora CHARCO DEL PALO Questa immersione \u00e8 una buona opzione quando il mare \u00e8 mosso da sud-ovest. Nota per il suo paesaggio roccioso puramente vulcanico con sabbia bianca. In uno spazio molto ridotto, \u00e8 presente un&#8217;eccellente rappresentazione di molti ecosistemi [&hellip;]<\/p>\n","protected":false},"author":1,"featured_media":0,"parent":0,"menu_order":0,"comment_status":"closed","ping_status":"closed","template":"elementor_header_footer","meta":{"footnotes":""},"class_list":["post-599","page","type-page","status-publish","hentry"],"_links":{"self":[{"href":"https:\/\/prodivelanzarote.com\/it\/wp-json\/wp\/v2\/pages\/599","targetHints":{"allow":["GET"]}}],"collection":[{"href":"https:\/\/prodivelanzarote.com\/it\/wp-json\/wp\/v2\/pages"}],"about":[{"href":"https:\/\/prodivelanzarote.com\/it\/wp-json\/wp\/v2\/types\/page"}],"author":[{"embeddable":true,"href":"https:\/\/prodivelanzarote.com\/it\/wp-json\/wp\/v2\/users\/1"}],"replies":[{"embeddable":true,"href":"https:\/\/prodivelanzarote.com\/it\/wp-json\/wp\/v2\/comments?post=599"}],"version-history":[{"count":62,"href":"https:\/\/prodivelanzarote.com\/it\/wp-json\/wp\/v2\/pages\/599\/revisions"}],"predecessor-version":[{"id":3226,"href":"https:\/\/prodivelanzarote.com\/it\/wp-json\/wp\/v2\/pages\/599\/revisions\/3226"}],"wp:attachment":[{"href":"https:\/\/prodivelanzarote.com\/it\/wp-json\/wp\/v2\/media?parent=599"}],"curies":[{"name":"wp","href":"https:\/\/api.w.org\/{rel}","templated":true}]}}